{"id":630,"date":"2025-12-16T12:54:54","date_gmt":"2025-12-16T11:54:54","guid":{"rendered":"https:\/\/sanitaetshaus-borger.de\/2023\/wordpress\/?page_id=630"},"modified":"2025-12-16T13:44:15","modified_gmt":"2025-12-16T12:44:15","slug":"kompressionstruempfe","status":"publish","type":"page","link":"https:\/\/sanitaetshaus-borger.de\/2023\/wordpress\/kompressionstruempfe\/","title":{"rendered":"Kompressionstr\u00fcmpfe"},"content":{"rendered":"\t\t<div data-elementor-type=\"wp-page\" data-elementor-id=\"630\" class=\"elementor elementor-630\" data-elementor-post-type=\"page\">\n\t\t\t\t\t\t<section class=\"elementor-section elementor-top-section elementor-element elementor-element-9bee354 elementor-section-boxed elementor-section-height-default elementor-section-height-default\" data-id=\"9bee354\" data-element_type=\"section\">\n\t\t\t\t\t\t<div class=\"elementor-container elementor-column-gap-default\">\n\t\t\t\t\t<div class=\"elementor-column elementor-col-100 elementor-top-column elementor-element elementor-element-85f2996\" data-id=\"85f2996\" data-element_type=\"column\">\n\t\t\t<div class=\"elementor-widget-wrap elementor-element-populated\">\n\t\t\t\t\t\t<div class=\"elementor-element elementor-element-25c5145 elementor-widget elementor-widget-heading\" data-id=\"25c5145\" data-element_type=\"widget\" data-widget_type=\"heading.default\">\n\t\t\t\t<div class=\"elementor-widget-container\">\n\t\t\t\t\t<h2 class=\"elementor-heading-title elementor-size-default\">Kompressionsstr\u00fcmpfe<\/h2>\t\t\t\t<\/div>\n\t\t\t\t<\/div>\n\t\t\t\t\t<\/div>\n\t\t<\/div>\n\t\t\t\t\t<\/div>\n\t\t<\/section>\n\t\t\t\t<section class=\"elementor-section elementor-top-section elementor-element elementor-element-86510a9 elementor-section-boxed elementor-section-height-default elementor-section-height-default\" data-id=\"86510a9\" data-element_type=\"section\">\n\t\t\t\t\t\t<div class=\"elementor-container elementor-column-gap-default\">\n\t\t\t\t\t<div class=\"elementor-column elementor-col-100 elementor-top-column elementor-element elementor-element-31c8046\" data-id=\"31c8046\" data-element_type=\"column\">\n\t\t\t<div class=\"elementor-widget-wrap elementor-element-populated\">\n\t\t\t\t\t\t<div class=\"elementor-element elementor-element-68a4a16 elementor--h-position-center elementor--v-position-middle elementor-arrows-position-inside elementor-pagination-position-inside elementor-widget elementor-widget-slides\" data-id=\"68a4a16\" data-element_type=\"widget\" data-settings=\"{&quot;navigation&quot;:&quot;both&quot;,&quot;autoplay&quot;:&quot;yes&quot;,&quot;pause_on_hover&quot;:&quot;yes&quot;,&quot;pause_on_interaction&quot;:&quot;yes&quot;,&quot;autoplay_speed&quot;:5000,&quot;infinite&quot;:&quot;yes&quot;,&quot;transition&quot;:&quot;slide&quot;,&quot;transition_speed&quot;:500}\" data-widget_type=\"slides.default\">\n\t\t\t\t<div class=\"elementor-widget-container\">\n\t\t\t\t\t\t\t\t\t<div class=\"elementor-swiper\">\n\t\t\t\t\t<div class=\"elementor-slides-wrapper elementor-main-swiper swiper\" role=\"region\" aria-roledescription=\"carousel\" aria-label=\"Slider\" dir=\"ltr\" data-animation=\"fadeInUp\">\n\t\t\t\t<div class=\"swiper-wrapper elementor-slides\">\n\t\t\t\t\t\t\t\t\t\t<div class=\"elementor-repeater-item-2237ed1 swiper-slide\" role=\"group\" aria-roledescription=\"slide\"><div class=\"swiper-slide-bg\" role=\"img\"><\/div><div class=\"swiper-slide-inner\" ><div class=\"swiper-slide-contents\"><\/div><\/div><\/div><div class=\"elementor-repeater-item-6c191b7 swiper-slide\" role=\"group\" aria-roledescription=\"slide\"><div class=\"swiper-slide-bg\" role=\"img\"><\/div><div class=\"swiper-slide-inner\" ><div class=\"swiper-slide-contents\"><\/div><\/div><\/div>\t\t\t\t<\/div>\n\t\t\t\t\t\t\t\t\t\t\t\t\t\t\t<div class=\"elementor-swiper-button elementor-swiper-button-prev\" role=\"button\" tabindex=\"0\" aria-label=\"Previous slide\">\n\t\t\t\t\t\t\t<i aria-hidden=\"true\" class=\"eicon-chevron-left\"><\/i>\t\t\t\t\t\t<\/div>\n\t\t\t\t\t\t<div class=\"elementor-swiper-button elementor-swiper-button-next\" role=\"button\" tabindex=\"0\" aria-label=\"Next slide\">\n\t\t\t\t\t\t\t<i aria-hidden=\"true\" class=\"eicon-chevron-right\"><\/i>\t\t\t\t\t\t<\/div>\n\t\t\t\t\t\t\t\t\t\t\t\t\t\t\t\t<div class=\"swiper-pagination\"><\/div>\n\t\t\t\t\t\t\t\t\t\t\t\t<\/div>\n\t\t\t\t<\/div>\n\t\t\t\t\t\t\t\t<\/div>\n\t\t\t\t<\/div>\n\t\t\t\t\t<\/div>\n\t\t<\/div>\n\t\t\t\t\t<\/div>\n\t\t<\/section>\n\t\t\t\t<section class=\"elementor-section elementor-top-section elementor-element elementor-element-8b230ee elementor-section-boxed elementor-section-height-default elementor-section-height-default\" data-id=\"8b230ee\" data-element_type=\"section\">\n\t\t\t\t\t\t<div class=\"elementor-container elementor-column-gap-default\">\n\t\t\t\t\t<div class=\"elementor-column elementor-col-66 elementor-top-column elementor-element elementor-element-3953406\" data-id=\"3953406\" data-element_type=\"column\">\n\t\t\t<div class=\"elementor-widget-wrap elementor-element-populated\">\n\t\t\t\t\t\t<div class=\"elementor-element elementor-element-d2c0c17 elementor-widget elementor-widget-heading\" data-id=\"d2c0c17\" data-element_type=\"widget\" data-widget_type=\"heading.default\">\n\t\t\t\t<div class=\"elementor-widget-container\">\n\t\t\t\t\t<h2 class=\"elementor-heading-title elementor-size-default\">Unsere Kompressionsstr\u00fcmpfe<\/h2>\t\t\t\t<\/div>\n\t\t\t\t<\/div>\n\t\t\t\t<div class=\"elementor-element elementor-element-cf0093d elementor-widget elementor-widget-text-editor\" data-id=\"cf0093d\" data-element_type=\"widget\" data-widget_type=\"text-editor.default\">\n\t\t\t\t<div class=\"elementor-widget-container\">\n\t\t\t\t\t\t\t\t\t<p>Unsere Kompressionsstr\u00fcmpfe von <strong data-start=\"32\" data-end=\"40\">BORT<\/strong>, <strong data-start=\"42\" data-end=\"50\">Juzo<\/strong> und <strong data-start=\"55\" data-end=\"63\">medi<\/strong> stehen f\u00fcr medizinische Wirksamkeit, hohen Tragekomfort und moderne Designs. Sie unterst\u00fctzen die Durchblutung, beugen Beschwerden vor und eignen sich sowohl f\u00fcr den Alltag als auch f\u00fcr die medizinische Versorgung \u2013 individuell angepasst an Ihre Bed\u00fcrfnisse.<\/p>\t\t\t\t\t\t\t\t<\/div>\n\t\t\t\t<\/div>\n\t\t\t\t\t<\/div>\n\t\t<\/div>\n\t\t\t\t<div class=\"elementor-column elementor-col-33 elementor-top-column elementor-element elementor-element-b60a0b7\" data-id=\"b60a0b7\" data-element_type=\"column\">\n\t\t\t<div class=\"elementor-widget-wrap elementor-element-populated\">\n\t\t\t\t\t\t<div class=\"elementor-element elementor-element-f984079 elementor-widget elementor-widget-spacer\" data-id=\"f984079\" data-element_type=\"widget\" data-widget_type=\"spacer.default\">\n\t\t\t\t<div class=\"elementor-widget-container\">\n\t\t\t\t\t\t\t<div class=\"elementor-spacer\">\n\t\t\t<div class=\"elementor-spacer-inner\"><\/div>\n\t\t<\/div>\n\t\t\t\t\t\t<\/div>\n\t\t\t\t<\/div>\n\t\t\t\t<div class=\"elementor-element elementor-element-a99a9a2 elementor-widget elementor-widget-image\" data-id=\"a99a9a2\" data-element_type=\"widget\" data-widget_type=\"image.default\">\n\t\t\t\t<div class=\"elementor-widget-container\">\n\t\t\t\t\t\t\t\t\t\t\t\t\t\t\t<img fetchpriority=\"high\" decoding=\"async\" width=\"750\" height=\"343\" src=\"https:\/\/sanitaetshaus-borger.de\/2023\/wordpress\/wp-content\/uploads\/2023\/02\/Logo-Burmeier2014-RGB-1024x468.png\" class=\"attachment-large size-large wp-image-271\" alt=\"\" srcset=\"https:\/\/sanitaetshaus-borger.de\/2023\/wordpress\/wp-content\/uploads\/2023\/02\/Logo-Burmeier2014-RGB-1024x468.png 1024w, https:\/\/sanitaetshaus-borger.de\/2023\/wordpress\/wp-content\/uploads\/2023\/02\/Logo-Burmeier2014-RGB-300x137.png 300w, https:\/\/sanitaetshaus-borger.de\/2023\/wordpress\/wp-content\/uploads\/2023\/02\/Logo-Burmeier2014-RGB-768x351.png 768w, https:\/\/sanitaetshaus-borger.de\/2023\/wordpress\/wp-content\/uploads\/2023\/02\/Logo-Burmeier2014-RGB-1536x701.png 1536w, https:\/\/sanitaetshaus-borger.de\/2023\/wordpress\/wp-content\/uploads\/2023\/02\/Logo-Burmeier2014-RGB-2048x935.png 2048w, https:\/\/sanitaetshaus-borger.de\/2023\/wordpress\/wp-content\/uploads\/2023\/02\/Logo-Burmeier2014-RGB-1568x716.png 1568w\" sizes=\"(max-width: 750px) 100vw, 750px\" style=\"width:100%;height:45.66%;max-width:3189px\" \/>\t\t\t\t\t\t\t\t\t\t\t\t\t\t\t<\/div>\n\t\t\t\t<\/div>\n\t\t\t\t\t<\/div>\n\t\t<\/div>\n\t\t\t\t\t<\/div>\n\t\t<\/section>\n\t\t\t\t<section class=\"elementor-section elementor-top-section elementor-element elementor-element-34cc961 elementor-section-boxed elementor-section-height-default elementor-section-height-default\" data-id=\"34cc961\" data-element_type=\"section\">\n\t\t\t\t\t\t<div class=\"elementor-container elementor-column-gap-default\">\n\t\t\t\t\t<div class=\"elementor-column elementor-col-100 elementor-top-column elementor-element elementor-element-3c915e0\" data-id=\"3c915e0\" data-element_type=\"column\">\n\t\t\t<div class=\"elementor-widget-wrap elementor-element-populated\">\n\t\t\t\t\t\t<div class=\"elementor-element elementor-element-00d5a37 elementor-widget elementor-widget-spacer\" data-id=\"00d5a37\" data-element_type=\"widget\" data-widget_type=\"spacer.default\">\n\t\t\t\t<div class=\"elementor-widget-container\">\n\t\t\t\t\t\t\t<div class=\"elementor-spacer\">\n\t\t\t<div class=\"elementor-spacer-inner\"><\/div>\n\t\t<\/div>\n\t\t\t\t\t\t<\/div>\n\t\t\t\t<\/div>\n\t\t\t\t<div class=\"elementor-element elementor-element-8927fde elementor-widget elementor-widget-heading\" data-id=\"8927fde\" data-element_type=\"widget\" data-widget_type=\"heading.default\">\n\t\t\t\t<div class=\"elementor-widget-container\">\n\t\t\t\t\t<h3 class=\"elementor-heading-title elementor-size-default\">Unsere Lieferanten<\/h3>\t\t\t\t<\/div>\n\t\t\t\t<\/div>\n\t\t\t\t\t<\/div>\n\t\t<\/div>\n\t\t\t\t\t<\/div>\n\t\t<\/section>\n\t\t\t\t<section class=\"elementor-section elementor-top-section elementor-element elementor-element-a5bdf6d elementor-section-boxed elementor-section-height-default elementor-section-height-default\" data-id=\"a5bdf6d\" data-element_type=\"section\">\n\t\t\t\t\t\t<div class=\"elementor-container elementor-column-gap-default\">\n\t\t\t\t\t<div class=\"elementor-column elementor-col-33 elementor-top-column elementor-element elementor-element-7b2d049\" data-id=\"7b2d049\" data-element_type=\"column\">\n\t\t\t<div class=\"elementor-widget-wrap elementor-element-populated\">\n\t\t\t\t\t\t<div class=\"elementor-element elementor-element-df9b3a4 elementor-widget elementor-widget-image\" data-id=\"df9b3a4\" data-element_type=\"widget\" data-widget_type=\"image.default\">\n\t\t\t\t<div class=\"elementor-widget-container\">\n\t\t\t\t\t\t\t\t\t\t\t\t\t\t\t<img decoding=\"async\" width=\"180\" height=\"78\" src=\"https:\/\/sanitaetshaus-borger.de\/2023\/wordpress\/wp-content\/uploads\/2025\/12\/juzo.png.jpg\" class=\"attachment-medium size-medium wp-image-633\" alt=\"\" style=\"width:100%;height:43.33%;max-width:180px\" \/>\t\t\t\t\t\t\t\t\t\t\t\t\t\t\t<\/div>\n\t\t\t\t<\/div>\n\t\t\t\t\t<\/div>\n\t\t<\/div>\n\t\t\t\t<div class=\"elementor-column elementor-col-33 elementor-top-column elementor-element elementor-element-b301cfe\" data-id=\"b301cfe\" data-element_type=\"column\">\n\t\t\t<div class=\"elementor-widget-wrap elementor-element-populated\">\n\t\t\t\t\t\t<div class=\"elementor-element elementor-element-9fde57d elementor-widget elementor-widget-image\" data-id=\"9fde57d\" data-element_type=\"widget\" data-widget_type=\"image.default\">\n\t\t\t\t<div class=\"elementor-widget-container\">\n\t\t\t\t\t\t\t\t\t\t\t\t\t\t\t<img decoding=\"async\" width=\"150\" height=\"150\" src=\"https:\/\/sanitaetshaus-borger.de\/2023\/wordpress\/wp-content\/uploads\/2023\/02\/bort-logo-150x150.png\" class=\"attachment-thumbnail size-thumbnail wp-image-314\" alt=\"\" style=\"width:100%;height:79.81%;max-width:208px\" \/>\t\t\t\t\t\t\t\t\t\t\t\t\t\t\t<\/div>\n\t\t\t\t<\/div>\n\t\t\t\t\t<\/div>\n\t\t<\/div>\n\t\t\t\t<div class=\"elementor-column elementor-col-33 elementor-top-column elementor-element elementor-element-1e2a9c5\" data-id=\"1e2a9c5\" data-element_type=\"column\">\n\t\t\t<div class=\"elementor-widget-wrap elementor-element-populated\">\n\t\t\t\t\t\t<div class=\"elementor-element elementor-element-4f11f63 elementor-widget elementor-widget-image\" data-id=\"4f11f63\" data-element_type=\"widget\" data-widget_type=\"image.default\">\n\t\t\t\t<div class=\"elementor-widget-container\">\n\t\t\t\t\t\t\t\t\t\t\t\t\t\t\t<img loading=\"lazy\" decoding=\"async\" width=\"150\" height=\"150\" src=\"https:\/\/sanitaetshaus-borger.de\/2023\/wordpress\/wp-content\/uploads\/2025\/12\/medi-logo-150x150.jpg\" class=\"attachment-thumbnail size-thumbnail wp-image-634\" alt=\"\" srcset=\"https:\/\/sanitaetshaus-borger.de\/2023\/wordpress\/wp-content\/uploads\/2025\/12\/medi-logo-150x150.jpg 150w, https:\/\/sanitaetshaus-borger.de\/2023\/wordpress\/wp-content\/uploads\/2025\/12\/medi-logo-300x300.jpg 300w, https:\/\/sanitaetshaus-borger.de\/2023\/wordpress\/wp-content\/uploads\/2025\/12\/medi-logo.jpg 400w\" sizes=\"(max-width: 150px) 100vw, 150px\" style=\"width:100%;height:100%;max-width:400px\" \/>\t\t\t\t\t\t\t\t\t\t\t\t\t\t\t<\/div>\n\t\t\t\t<\/div>\n\t\t\t\t\t<\/div>\n\t\t<\/div>\n\t\t\t\t\t<\/div>\n\t\t<\/section>\n\t\t\t\t<\/div>\n\t\t","protected":false},"excerpt":{"rendered":"<p>Kompressionsstr\u00fcmpfe Unsere Kompressionsstr\u00fcmpfe Unsere Kompressionsstr\u00fcmpfe von BORT, Juzo und medi stehen f\u00fcr medizinische Wirksamkeit, hohen Tragekomfort und moderne Designs. Sie unterst\u00fctzen die Durchblutung, beugen Beschwerden vor und eignen sich sowohl f\u00fcr den Alltag als auch f\u00fcr die medizinische Versorgung \u2013 individuell angepasst an Ihre Bed\u00fcrfnisse. Unsere Lieferanten<\/p>\n","protected":false},"author":1,"featured_media":0,"parent":0,"menu_order":0,"comment_status":"closed","ping_status":"closed","template":"elementor_header_footer","meta":{"footnotes":""},"class_list":["post-630","page","type-page","status-publish","hentry","entry"],"_links":{"self":[{"href":"https:\/\/sanitaetshaus-borger.de\/2023\/wordpress\/wp-json\/wp\/v2\/pages\/630","targetHints":{"allow":["GET"]}}],"collection":[{"href":"https:\/\/sanitaetshaus-borger.de\/2023\/wordpress\/wp-json\/wp\/v2\/pages"}],"about":[{"href":"https:\/\/sanitaetshaus-borger.de\/2023\/wordpress\/wp-json\/wp\/v2\/types\/page"}],"author":[{"embeddable":true,"href":"https:\/\/sanitaetshaus-borger.de\/2023\/wordpress\/wp-json\/wp\/v2\/users\/1"}],"replies":[{"embeddable":true,"href":"https:\/\/sanitaetshaus-borger.de\/2023\/wordpress\/wp-json\/wp\/v2\/comments?post=630"}],"version-history":[{"count":22,"href":"https:\/\/sanitaetshaus-borger.de\/2023\/wordpress\/wp-json\/wp\/v2\/pages\/630\/revisions"}],"predecessor-version":[{"id":657,"href":"https:\/\/sanitaetshaus-borger.de\/2023\/wordpress\/wp-json\/wp\/v2\/pages\/630\/revisions\/657"}],"wp:attachment":[{"href":"https:\/\/sanitaetshaus-borger.de\/2023\/wordpress\/wp-json\/wp\/v2\/media?parent=630"}],"curies":[{"name":"wp","href":"https:\/\/api.w.org\/{rel}","templated":true}]}}