{"id":599,"date":"2025-12-16T09:37:15","date_gmt":"2025-12-16T08:37:15","guid":{"rendered":"https:\/\/sanitaetshaus-borger.de\/2023\/wordpress\/?page_id=599"},"modified":"2025-12-16T09:41:20","modified_gmt":"2025-12-16T08:41:20","slug":"scooter","status":"publish","type":"page","link":"https:\/\/sanitaetshaus-borger.de\/2023\/wordpress\/scooter\/","title":{"rendered":"Scooter"},"content":{"rendered":"\t\t<div data-elementor-type=\"wp-page\" data-elementor-id=\"599\" class=\"elementor elementor-599\" data-elementor-post-type=\"page\">\n\t\t\t\t\t\t<section class=\"elementor-section elementor-top-section elementor-element elementor-element-9bee354 elementor-section-boxed elementor-section-height-default elementor-section-height-default\" data-id=\"9bee354\" data-element_type=\"section\">\n\t\t\t\t\t\t<div class=\"elementor-container elementor-column-gap-default\">\n\t\t\t\t\t<div class=\"elementor-column elementor-col-100 elementor-top-column elementor-element elementor-element-85f2996\" data-id=\"85f2996\" data-element_type=\"column\">\n\t\t\t<div class=\"elementor-widget-wrap elementor-element-populated\">\n\t\t\t\t\t\t<div class=\"elementor-element elementor-element-25c5145 elementor-widget elementor-widget-heading\" data-id=\"25c5145\" data-element_type=\"widget\" data-widget_type=\"heading.default\">\n\t\t\t\t<div class=\"elementor-widget-container\">\n\t\t\t\t\t<h2 class=\"elementor-heading-title elementor-size-default\">Scooter<\/h2>\t\t\t\t<\/div>\n\t\t\t\t<\/div>\n\t\t\t\t\t<\/div>\n\t\t<\/div>\n\t\t\t\t\t<\/div>\n\t\t<\/section>\n\t\t\t\t<section class=\"elementor-section elementor-top-section elementor-element elementor-element-86510a9 elementor-section-boxed elementor-section-height-default elementor-section-height-default\" data-id=\"86510a9\" data-element_type=\"section\">\n\t\t\t\t\t\t<div class=\"elementor-container elementor-column-gap-default\">\n\t\t\t\t\t<div class=\"elementor-column elementor-col-100 elementor-top-column elementor-element elementor-element-31c8046\" data-id=\"31c8046\" data-element_type=\"column\">\n\t\t\t<div class=\"elementor-widget-wrap elementor-element-populated\">\n\t\t\t\t\t\t<div class=\"elementor-element elementor-element-68a4a16 elementor--h-position-center elementor--v-position-middle elementor-arrows-position-inside elementor-pagination-position-inside elementor-widget elementor-widget-slides\" data-id=\"68a4a16\" data-element_type=\"widget\" data-settings=\"{&quot;navigation&quot;:&quot;both&quot;,&quot;autoplay&quot;:&quot;yes&quot;,&quot;pause_on_hover&quot;:&quot;yes&quot;,&quot;pause_on_interaction&quot;:&quot;yes&quot;,&quot;autoplay_speed&quot;:5000,&quot;infinite&quot;:&quot;yes&quot;,&quot;transition&quot;:&quot;slide&quot;,&quot;transition_speed&quot;:500}\" data-widget_type=\"slides.default\">\n\t\t\t\t<div class=\"elementor-widget-container\">\n\t\t\t\t\t\t\t\t\t<div class=\"elementor-swiper\">\n\t\t\t\t\t<div class=\"elementor-slides-wrapper elementor-main-swiper swiper\" role=\"region\" aria-roledescription=\"carousel\" aria-label=\"Slider\" dir=\"ltr\" data-animation=\"fadeInUp\">\n\t\t\t\t<div class=\"swiper-wrapper elementor-slides\">\n\t\t\t\t\t\t\t\t\t\t<div class=\"elementor-repeater-item-2237ed1 swiper-slide\" role=\"group\" aria-roledescription=\"slide\"><div class=\"swiper-slide-bg\" role=\"img\"><\/div><div class=\"swiper-slide-inner\" ><div class=\"swiper-slide-contents\"><\/div><\/div><\/div><div class=\"elementor-repeater-item-6c191b7 swiper-slide\" role=\"group\" aria-roledescription=\"slide\"><div class=\"swiper-slide-bg\" role=\"img\"><\/div><div class=\"swiper-slide-inner\" ><div class=\"swiper-slide-contents\"><\/div><\/div><\/div>\t\t\t\t<\/div>\n\t\t\t\t\t\t\t\t\t\t\t\t\t\t\t<div class=\"elementor-swiper-button elementor-swiper-button-prev\" role=\"button\" tabindex=\"0\" aria-label=\"Previous slide\">\n\t\t\t\t\t\t\t<i aria-hidden=\"true\" class=\"eicon-chevron-left\"><\/i>\t\t\t\t\t\t<\/div>\n\t\t\t\t\t\t<div class=\"elementor-swiper-button elementor-swiper-button-next\" role=\"button\" tabindex=\"0\" aria-label=\"Next slide\">\n\t\t\t\t\t\t\t<i aria-hidden=\"true\" class=\"eicon-chevron-right\"><\/i>\t\t\t\t\t\t<\/div>\n\t\t\t\t\t\t\t\t\t\t\t\t\t\t\t\t<div class=\"swiper-pagination\"><\/div>\n\t\t\t\t\t\t\t\t\t\t\t\t<\/div>\n\t\t\t\t<\/div>\n\t\t\t\t\t\t\t\t<\/div>\n\t\t\t\t<\/div>\n\t\t\t\t\t<\/div>\n\t\t<\/div>\n\t\t\t\t\t<\/div>\n\t\t<\/section>\n\t\t\t\t<section class=\"elementor-section elementor-top-section elementor-element elementor-element-8b230ee elementor-section-boxed elementor-section-height-default elementor-section-height-default\" data-id=\"8b230ee\" data-element_type=\"section\">\n\t\t\t\t\t\t<div class=\"elementor-container elementor-column-gap-default\">\n\t\t\t\t\t<div class=\"elementor-column elementor-col-66 elementor-top-column elementor-element elementor-element-3953406\" data-id=\"3953406\" data-element_type=\"column\">\n\t\t\t<div class=\"elementor-widget-wrap elementor-element-populated\">\n\t\t\t\t\t\t<div class=\"elementor-element elementor-element-d2c0c17 elementor-widget elementor-widget-heading\" data-id=\"d2c0c17\" data-element_type=\"widget\" data-widget_type=\"heading.default\">\n\t\t\t\t<div class=\"elementor-widget-container\">\n\t\t\t\t\t<h2 class=\"elementor-heading-title elementor-size-default\">Unser Lieferant<\/h2>\t\t\t\t<\/div>\n\t\t\t\t<\/div>\n\t\t\t\t<div class=\"elementor-element elementor-element-cf0093d elementor-widget elementor-widget-text-editor\" data-id=\"cf0093d\" data-element_type=\"widget\" data-widget_type=\"text-editor.default\">\n\t\t\t\t<div class=\"elementor-widget-container\">\n\t\t\t\t\t\t\t\t\t<p>Wir bieten Ihnen mit unserem Lieferanten &#8222;aktiv Deutschland&#8220; eine Auswahl an Scootern an.\u00a0<\/p><p>\u00a0<\/p><p>Sollten Sie l\u00e4ngere oder auch k\u00fcrzere Strecken nicht mehr mit eigener Kraft bew\u00e4ltigen k\u00f6nnn, hilft Ihnen die Krankenkasse mit einem Elektromobil.<\/p><p>\u00a0<\/p><p>Bei uns in Haltern am See haben wir Modelle vor Ort, die Sie ausprobieren k\u00f6nnen.\u00a0<\/p><p>\u00a0<\/p><p>Unsere Werkstatt und qualifizierten \u00fcberpr\u00fcfen und reparieren auch Ihr Elektromobil<\/p>\t\t\t\t\t\t\t\t<\/div>\n\t\t\t\t<\/div>\n\t\t\t\t<div class=\"elementor-element elementor-element-716b850 elementor-widget elementor-widget-heading\" data-id=\"716b850\" data-element_type=\"widget\" data-widget_type=\"heading.default\">\n\t\t\t\t<div class=\"elementor-widget-container\">\n\t\t\t\t\t<h2 class=\"elementor-heading-title elementor-size-default\">Wussten Sie schon?<\/h2>\t\t\t\t<\/div>\n\t\t\t\t<\/div>\n\t\t\t\t<div class=\"elementor-element elementor-element-463203e elementor-widget elementor-widget-text-editor\" data-id=\"463203e\" data-element_type=\"widget\" data-widget_type=\"text-editor.default\">\n\t\t\t\t<div class=\"elementor-widget-container\">\n\t\t\t\t\t\t\t\t\t<p>Ihr Elektromobil (6 km\/h) erhalten sie kostenfrei von Ihrer Krankenkasse!<\/p><p>Rezept und Genehmigung der Kasse sind Vorrausetzung.<\/p><p>Wir unterst\u00fctzen Sie gerne.<\/p>\t\t\t\t\t\t\t\t<\/div>\n\t\t\t\t<\/div>\n\t\t\t\t\t<\/div>\n\t\t<\/div>\n\t\t\t\t<div class=\"elementor-column elementor-col-33 elementor-top-column elementor-element elementor-element-b60a0b7\" data-id=\"b60a0b7\" data-element_type=\"column\">\n\t\t\t<div class=\"elementor-widget-wrap elementor-element-populated\">\n\t\t\t\t\t\t<div class=\"elementor-element elementor-element-f984079 elementor-widget elementor-widget-spacer\" data-id=\"f984079\" data-element_type=\"widget\" data-widget_type=\"spacer.default\">\n\t\t\t\t<div class=\"elementor-widget-container\">\n\t\t\t\t\t\t\t<div class=\"elementor-spacer\">\n\t\t\t<div class=\"elementor-spacer-inner\"><\/div>\n\t\t<\/div>\n\t\t\t\t\t\t<\/div>\n\t\t\t\t<\/div>\n\t\t\t\t<div class=\"elementor-element elementor-element-a99a9a2 elementor-widget elementor-widget-image\" data-id=\"a99a9a2\" data-element_type=\"widget\" data-widget_type=\"image.default\">\n\t\t\t\t<div class=\"elementor-widget-container\">\n\t\t\t\t\t\t\t\t\t\t\t\t\t\t\t<img fetchpriority=\"high\" decoding=\"async\" width=\"750\" height=\"352\" src=\"https:\/\/sanitaetshaus-borger.de\/2023\/wordpress\/wp-content\/uploads\/2025\/12\/aktiv.deutschland-1024x481.jpg\" class=\"attachment-large size-large wp-image-601\" alt=\"\" srcset=\"https:\/\/sanitaetshaus-borger.de\/2023\/wordpress\/wp-content\/uploads\/2025\/12\/aktiv.deutschland-1024x481.jpg 1024w, https:\/\/sanitaetshaus-borger.de\/2023\/wordpress\/wp-content\/uploads\/2025\/12\/aktiv.deutschland-300x141.jpg 300w, https:\/\/sanitaetshaus-borger.de\/2023\/wordpress\/wp-content\/uploads\/2025\/12\/aktiv.deutschland-768x361.jpg 768w, https:\/\/sanitaetshaus-borger.de\/2023\/wordpress\/wp-content\/uploads\/2025\/12\/aktiv.deutschland-1536x721.jpg 1536w, https:\/\/sanitaetshaus-borger.de\/2023\/wordpress\/wp-content\/uploads\/2025\/12\/aktiv.deutschland-2048x962.jpg 2048w, https:\/\/sanitaetshaus-borger.de\/2023\/wordpress\/wp-content\/uploads\/2025\/12\/aktiv.deutschland-1568x736.jpg 1568w\" sizes=\"(max-width: 750px) 100vw, 750px\" style=\"width:100%;height:46.97%;max-width:2340px\" \/>\t\t\t\t\t\t\t\t\t\t\t\t\t\t\t<\/div>\n\t\t\t\t<\/div>\n\t\t\t\t<div class=\"elementor-element elementor-element-0bd1917 elementor-widget elementor-widget-image\" data-id=\"0bd1917\" data-element_type=\"widget\" data-widget_type=\"image.default\">\n\t\t\t\t<div class=\"elementor-widget-container\">\n\t\t\t\t\t\t\t\t\t\t\t\t\t\t\t<img decoding=\"async\" width=\"750\" height=\"532\" src=\"https:\/\/sanitaetshaus-borger.de\/2023\/wordpress\/wp-content\/uploads\/2025\/12\/Rezept.Vorlage-1024x727.png\" class=\"attachment-large size-large wp-image-604\" alt=\"\" srcset=\"https:\/\/sanitaetshaus-borger.de\/2023\/wordpress\/wp-content\/uploads\/2025\/12\/Rezept.Vorlage-1024x727.png 1024w, https:\/\/sanitaetshaus-borger.de\/2023\/wordpress\/wp-content\/uploads\/2025\/12\/Rezept.Vorlage-300x213.png 300w, https:\/\/sanitaetshaus-borger.de\/2023\/wordpress\/wp-content\/uploads\/2025\/12\/Rezept.Vorlage-768x545.png 768w, https:\/\/sanitaetshaus-borger.de\/2023\/wordpress\/wp-content\/uploads\/2025\/12\/Rezept.Vorlage-1536x1090.png 1536w, https:\/\/sanitaetshaus-borger.de\/2023\/wordpress\/wp-content\/uploads\/2025\/12\/Rezept.Vorlage-1568x1112.png 1568w, https:\/\/sanitaetshaus-borger.de\/2023\/wordpress\/wp-content\/uploads\/2025\/12\/Rezept.Vorlage.png 2000w\" sizes=\"(max-width: 750px) 100vw, 750px\" style=\"width:100%;height:70.95%;max-width:2000px\" \/>\t\t\t\t\t\t\t\t\t\t\t\t\t\t\t<\/div>\n\t\t\t\t<\/div>\n\t\t\t\t\t<\/div>\n\t\t<\/div>\n\t\t\t\t\t<\/div>\n\t\t<\/section>\n\t\t\t\t<section class=\"elementor-section elementor-top-section elementor-element elementor-element-34cc961 elementor-section-boxed elementor-section-height-default elementor-section-height-default\" data-id=\"34cc961\" data-element_type=\"section\">\n\t\t\t\t\t\t<div class=\"elementor-container elementor-column-gap-default\">\n\t\t\t\t\t<div class=\"elementor-column elementor-col-100 elementor-top-column elementor-element elementor-element-3c915e0\" data-id=\"3c915e0\" data-element_type=\"column\">\n\t\t\t<div class=\"elementor-widget-wrap elementor-element-populated\">\n\t\t\t\t\t\t<div class=\"elementor-element elementor-element-00d5a37 elementor-widget elementor-widget-spacer\" data-id=\"00d5a37\" data-element_type=\"widget\" data-widget_type=\"spacer.default\">\n\t\t\t\t<div class=\"elementor-widget-container\">\n\t\t\t\t\t\t\t<div class=\"elementor-spacer\">\n\t\t\t<div class=\"elementor-spacer-inner\"><\/div>\n\t\t<\/div>\n\t\t\t\t\t\t<\/div>\n\t\t\t\t<\/div>\n\t\t\t\t\t<\/div>\n\t\t<\/div>\n\t\t\t\t\t<\/div>\n\t\t<\/section>\n\t\t\t\t<section class=\"elementor-section elementor-top-section elementor-element elementor-element-3315ccd elementor-section-boxed elementor-section-height-default elementor-section-height-default\" data-id=\"3315ccd\" data-element_type=\"section\">\n\t\t\t\t\t\t<div class=\"elementor-container elementor-column-gap-default\">\n\t\t\t\t\t<div class=\"elementor-column elementor-col-100 elementor-top-column elementor-element elementor-element-adccec5\" data-id=\"adccec5\" data-element_type=\"column\">\n\t\t\t<div class=\"elementor-widget-wrap\">\n\t\t\t\t\t\t\t<\/div>\n\t\t<\/div>\n\t\t\t\t\t<\/div>\n\t\t<\/section>\n\t\t\t\t<\/div>\n\t\t","protected":false},"excerpt":{"rendered":"<p>Scooter Unser Lieferant Wir bieten Ihnen mit unserem Lieferanten &#8222;aktiv Deutschland&#8220; eine Auswahl an Scootern an.\u00a0 \u00a0 Sollten Sie l\u00e4ngere oder auch k\u00fcrzere Strecken nicht mehr mit eigener Kraft bew\u00e4ltigen k\u00f6nnn, hilft Ihnen die Krankenkasse mit einem Elektromobil. \u00a0 Bei uns in Haltern am See haben wir Modelle vor Ort, die Sie ausprobieren k\u00f6nnen.\u00a0 \u00a0&hellip; <a class=\"more-link\" href=\"https:\/\/sanitaetshaus-borger.de\/2023\/wordpress\/scooter\/\"><span class=\"screen-reader-text\">Scooter<\/span> weiterlesen<\/a><\/p>\n","protected":false},"author":1,"featured_media":0,"parent":0,"menu_order":0,"comment_status":"closed","ping_status":"closed","template":"elementor_header_footer","meta":{"footnotes":""},"class_list":["post-599","page","type-page","status-publish","hentry","entry"],"_links":{"self":[{"href":"https:\/\/sanitaetshaus-borger.de\/2023\/wordpress\/wp-json\/wp\/v2\/pages\/599","targetHints":{"allow":["GET"]}}],"collection":[{"href":"https:\/\/sanitaetshaus-borger.de\/2023\/wordpress\/wp-json\/wp\/v2\/pages"}],"about":[{"href":"https:\/\/sanitaetshaus-borger.de\/2023\/wordpress\/wp-json\/wp\/v2\/types\/page"}],"author":[{"embeddable":true,"href":"https:\/\/sanitaetshaus-borger.de\/2023\/wordpress\/wp-json\/wp\/v2\/users\/1"}],"replies":[{"embeddable":true,"href":"https:\/\/sanitaetshaus-borger.de\/2023\/wordpress\/wp-json\/wp\/v2\/comments?post=599"}],"version-history":[{"count":7,"href":"https:\/\/sanitaetshaus-borger.de\/2023\/wordpress\/wp-json\/wp\/v2\/pages\/599\/revisions"}],"predecessor-version":[{"id":610,"href":"https:\/\/sanitaetshaus-borger.de\/2023\/wordpress\/wp-json\/wp\/v2\/pages\/599\/revisions\/610"}],"wp:attachment":[{"href":"https:\/\/sanitaetshaus-borger.de\/2023\/wordpress\/wp-json\/wp\/v2\/media?parent=599"}],"curies":[{"name":"wp","href":"https:\/\/api.w.org\/{rel}","templated":true}]}}