{"id":308,"date":"2023-02-08T12:40:09","date_gmt":"2023-02-08T11:40:09","guid":{"rendered":"https:\/\/sanitaetshaus-borger.de\/2023\/wordpress\/?page_id=308"},"modified":"2025-11-04T16:08:04","modified_gmt":"2025-11-04T15:08:04","slug":"bandagen-und-orthesen","status":"publish","type":"page","link":"https:\/\/sanitaetshaus-borger.de\/2023\/wordpress\/bandagen-und-orthesen\/","title":{"rendered":"Bandagen und Orthesen"},"content":{"rendered":"\t\t<div data-elementor-type=\"wp-page\" data-elementor-id=\"308\" class=\"elementor elementor-308\" data-elementor-post-type=\"page\">\n\t\t\t\t\t\t<section class=\"elementor-section elementor-top-section elementor-element elementor-element-4a7cacc elementor-section-boxed elementor-section-height-default elementor-section-height-default\" data-id=\"4a7cacc\" data-element_type=\"section\">\n\t\t\t\t\t\t<div class=\"elementor-container elementor-column-gap-default\">\n\t\t\t\t\t<div class=\"elementor-column elementor-col-100 elementor-top-column elementor-element elementor-element-67834ba\" data-id=\"67834ba\" data-element_type=\"column\">\n\t\t\t<div class=\"elementor-widget-wrap elementor-element-populated\">\n\t\t\t\t\t\t<div class=\"elementor-element elementor-element-adc0471 elementor-widget elementor-widget-heading\" data-id=\"adc0471\" data-element_type=\"widget\" data-widget_type=\"heading.default\">\n\t\t\t\t<div class=\"elementor-widget-container\">\n\t\t\t\t\t<h2 class=\"elementor-heading-title elementor-size-default\">Bandagen und Orthesen<\/h2>\t\t\t\t<\/div>\n\t\t\t\t<\/div>\n\t\t\t\t\t<\/div>\n\t\t<\/div>\n\t\t\t\t\t<\/div>\n\t\t<\/section>\n\t\t\t\t<section class=\"elementor-section elementor-top-section elementor-element elementor-element-8a2fb16 elementor-section-boxed elementor-section-height-default elementor-section-height-default\" data-id=\"8a2fb16\" data-element_type=\"section\">\n\t\t\t\t\t\t<div class=\"elementor-container elementor-column-gap-default\">\n\t\t\t\t\t<div class=\"elementor-column elementor-col-100 elementor-top-column elementor-element elementor-element-7425c99\" data-id=\"7425c99\" data-element_type=\"column\">\n\t\t\t<div class=\"elementor-widget-wrap elementor-element-populated\">\n\t\t\t\t\t\t<div class=\"elementor-element elementor-element-280ff8e elementor-widget elementor-widget-heading\" data-id=\"280ff8e\" data-element_type=\"widget\" data-widget_type=\"heading.default\">\n\t\t\t\t<div class=\"elementor-widget-container\">\n\t\t\t\t\t<h3 class=\"elementor-heading-title elementor-size-default\">Unsere Lieferanten<\/h3>\t\t\t\t<\/div>\n\t\t\t\t<\/div>\n\t\t\t\t\t<\/div>\n\t\t<\/div>\n\t\t\t\t\t<\/div>\n\t\t<\/section>\n\t\t\t\t<section class=\"elementor-section elementor-top-section elementor-element elementor-element-e7a9bf3 elementor-section-boxed elementor-section-height-default elementor-section-height-default\" data-id=\"e7a9bf3\" data-element_type=\"section\">\n\t\t\t\t\t\t<div class=\"elementor-container elementor-column-gap-default\">\n\t\t\t\t\t<div class=\"elementor-column elementor-col-66 elementor-top-column elementor-element elementor-element-3f08f24\" data-id=\"3f08f24\" data-element_type=\"column\">\n\t\t\t<div class=\"elementor-widget-wrap elementor-element-populated\">\n\t\t\t\t\t\t<div class=\"elementor-element elementor-element-c2ad07f elementor-widget elementor-widget-image\" data-id=\"c2ad07f\" data-element_type=\"widget\" data-widget_type=\"image.default\">\n\t\t\t\t<div class=\"elementor-widget-container\">\n\t\t\t\t\t\t\t\t\t\t\t\t\t\t\t<img decoding=\"async\" width=\"208\" height=\"166\" src=\"https:\/\/sanitaetshaus-borger.de\/2023\/wordpress\/wp-content\/uploads\/2023\/02\/bort-logo.png\" class=\"attachment-large size-large wp-image-314\" alt=\"\" style=\"width:100%;height:79.81%;max-width:208px\" \/>\t\t\t\t\t\t\t\t\t\t\t\t\t\t\t<\/div>\n\t\t\t\t<\/div>\n\t\t\t\t<div class=\"elementor-element elementor-element-46b18a9 elementor-widget elementor-widget-spacer\" data-id=\"46b18a9\" data-element_type=\"widget\" data-widget_type=\"spacer.default\">\n\t\t\t\t<div class=\"elementor-widget-container\">\n\t\t\t\t\t\t\t<div class=\"elementor-spacer\">\n\t\t\t<div class=\"elementor-spacer-inner\"><\/div>\n\t\t<\/div>\n\t\t\t\t\t\t<\/div>\n\t\t\t\t<\/div>\n\t\t\t\t<div class=\"elementor-element elementor-element-fc99da8 elementor-widget elementor-widget-image\" data-id=\"fc99da8\" data-element_type=\"widget\" data-widget_type=\"image.default\">\n\t\t\t\t<div class=\"elementor-widget-container\">\n\t\t\t\t\t\t\t\t\t\t\t\t\t\t\t<img fetchpriority=\"high\" decoding=\"async\" width=\"563\" height=\"100\" src=\"https:\/\/sanitaetshaus-borger.de\/2023\/wordpress\/wp-content\/uploads\/2023\/02\/bauerfeind.png\" class=\"attachment-large size-large wp-image-320\" alt=\"\" srcset=\"https:\/\/sanitaetshaus-borger.de\/2023\/wordpress\/wp-content\/uploads\/2023\/02\/bauerfeind.png 563w, https:\/\/sanitaetshaus-borger.de\/2023\/wordpress\/wp-content\/uploads\/2023\/02\/bauerfeind-300x53.png 300w\" sizes=\"(max-width: 563px) 100vw, 563px\" style=\"width:100%;height:17.76%;max-width:563px\" \/>\t\t\t\t\t\t\t\t\t\t\t\t\t\t\t<\/div>\n\t\t\t\t<\/div>\n\t\t\t\t\t<\/div>\n\t\t<\/div>\n\t\t\t\t<div class=\"elementor-column elementor-col-33 elementor-top-column elementor-element elementor-element-60aed33\" data-id=\"60aed33\" data-element_type=\"column\">\n\t\t\t<div class=\"elementor-widget-wrap elementor-element-populated\">\n\t\t\t\t\t\t<div class=\"elementor-element elementor-element-7bc80c0 elementor-widget elementor-widget-video\" data-id=\"7bc80c0\" data-element_type=\"widget\" data-settings=\"{&quot;youtube_url&quot;:&quot;https:\\\/\\\/www.youtube.com\\\/watch?v=RxfMQfHKhqw&quot;,&quot;video_type&quot;:&quot;youtube&quot;,&quot;controls&quot;:&quot;yes&quot;}\" data-widget_type=\"video.default\">\n\t\t\t\t<div class=\"elementor-widget-container\">\n\t\t\t\t\t\t\t<div class=\"elementor-wrapper elementor-open-inline\">\n\t\t\t<div class=\"elementor-video\"><\/div>\t\t<\/div>\n\t\t\t\t\t\t<\/div>\n\t\t\t\t<\/div>\n\t\t\t\t<div class=\"elementor-element elementor-element-70dea5c elementor-widget elementor-widget-video\" data-id=\"70dea5c\" data-element_type=\"widget\" data-settings=\"{&quot;youtube_url&quot;:&quot;https:\\\/\\\/www.youtube.com\\\/watch?v=nM18GpgQ7oQ&quot;,&quot;video_type&quot;:&quot;youtube&quot;,&quot;controls&quot;:&quot;yes&quot;}\" data-widget_type=\"video.default\">\n\t\t\t\t<div class=\"elementor-widget-container\">\n\t\t\t\t\t\t\t<div class=\"elementor-wrapper elementor-open-inline\">\n\t\t\t<div class=\"elementor-video\"><\/div>\t\t<\/div>\n\t\t\t\t\t\t<\/div>\n\t\t\t\t<\/div>\n\t\t\t\t\t<\/div>\n\t\t<\/div>\n\t\t\t\t\t<\/div>\n\t\t<\/section>\n\t\t\t\t<section class=\"elementor-section elementor-top-section elementor-element elementor-element-bfd8237 elementor-section-boxed elementor-section-height-default elementor-section-height-default\" data-id=\"bfd8237\" data-element_type=\"section\">\n\t\t\t\t\t\t<div class=\"elementor-container elementor-column-gap-default\">\n\t\t\t\t\t<div class=\"elementor-column elementor-col-100 elementor-top-column elementor-element elementor-element-0192781\" data-id=\"0192781\" data-element_type=\"column\">\n\t\t\t<div class=\"elementor-widget-wrap elementor-element-populated\">\n\t\t\t\t\t\t<div class=\"elementor-element elementor-element-8bfe8df elementor-widget elementor-widget-text-editor\" data-id=\"8bfe8df\" data-element_type=\"widget\" data-widget_type=\"text-editor.default\">\n\t\t\t\t<div class=\"elementor-widget-container\">\n\t\t\t\t\t\t\t\t\t<p>Sie haben Beschwerden in den Gelenken oder gr\u00f6\u00dferen K\u00f6rperregionen wie dem R\u00fccken oder Oberschenkel? Hier k\u00f6nnten eine Bandage und Orthesen helfen.<br \/><br \/>Schmerzen k\u00f6nnen infolge von Operationen, \u00dcberlastungen oder als Altersbegleiterscheinung auftreten. Hier k\u00f6nnte eine Bandage und\/oder eine Orthese helfen, die auftretenden Schmerzen zu lindern, die Mobilit\u00e4t wiederherzustellen oder vor neuen Verletzungen zu sch\u00fctzen. Hierbei k\u00f6nnen wir zwischen einem dauerhaften oder einem kurzfristigen Einsatz unterscheiden.<\/p>\t\t\t\t\t\t\t\t<\/div>\n\t\t\t\t<\/div>\n\t\t\t\t\t<\/div>\n\t\t<\/div>\n\t\t\t\t\t<\/div>\n\t\t<\/section>\n\t\t\t\t<section class=\"elementor-section elementor-top-section elementor-element elementor-element-fbb0e9a elementor-section-boxed elementor-section-height-default elementor-section-height-default\" data-id=\"fbb0e9a\" data-element_type=\"section\">\n\t\t\t\t\t\t<div class=\"elementor-container elementor-column-gap-default\">\n\t\t\t\t\t<div class=\"elementor-column elementor-col-50 elementor-top-column elementor-element elementor-element-ba8d127\" data-id=\"ba8d127\" data-element_type=\"column\">\n\t\t\t<div class=\"elementor-widget-wrap elementor-element-populated\">\n\t\t\t\t\t\t<div class=\"elementor-element elementor-element-0be5f20 elementor-widget elementor-widget-toggle\" data-id=\"0be5f20\" data-element_type=\"widget\" data-widget_type=\"toggle.default\">\n\t\t\t\t<div class=\"elementor-widget-container\">\n\t\t\t\t\t\t\t<div class=\"elementor-toggle\">\n\t\t\t\t\t\t\t<div class=\"elementor-toggle-item\">\n\t\t\t\t\t<div id=\"elementor-tab-title-1241\" class=\"elementor-tab-title\" data-tab=\"1\" role=\"button\" aria-controls=\"elementor-tab-content-1241\" aria-expanded=\"false\">\n\t\t\t\t\t\t\t\t\t\t\t\t<span class=\"elementor-toggle-icon elementor-toggle-icon-left\" aria-hidden=\"true\">\n\t\t\t\t\t\t\t\t\t\t\t\t\t\t\t<span class=\"elementor-toggle-icon-closed\"><i class=\"fas fa-caret-right\"><\/i><\/span>\n\t\t\t\t\t\t\t\t<span class=\"elementor-toggle-icon-opened\"><i class=\"elementor-toggle-icon-opened fas fa-caret-up\"><\/i><\/span>\n\t\t\t\t\t\t\t\t\t\t\t\t\t<\/span>\n\t\t\t\t\t\t\t\t\t\t\t\t<a class=\"elementor-toggle-title\" tabindex=\"0\">Wie funktioniert eine Orthese?<\/a>\n\t\t\t\t\t<\/div>\n\n\t\t\t\t\t<div id=\"elementor-tab-content-1241\" class=\"elementor-tab-content elementor-clearfix\" data-tab=\"1\" role=\"region\" aria-labelledby=\"elementor-tab-title-1241\"><p><span style=\"color: #000000;\">Im Gegensatz zu Bandagen sind Orthesen von Ihrem Aufbau her meist komplexer. Die Materialien bestehen aus festeren Stoffen und sind somit eher zur Stabilisierung bzw. Ruhigstellung der entsprechenden K\u00f6rperregion geeignet. Sie \u00fcbernehmen somit eher eine korrigierende Funktion und k\u00f6nnen meist so eingestellt werden, dass sie einen gewissen Bewegungsablauf nur bis zu einem gewissen Grad zulassen. Daher sind Orthesen nat\u00fcrlich unelastischer und oft straffer als Bandagen. Ein Beispiel w\u00e4re hier ein Teil der Wirbels\u00e4ule, welcher mittels einer Orthese in eine bestimmte Richtung gelenkt werden soll. Dies geschieht zur Entlastung oder Unterst\u00fctzung.<\/span><\/p><\/div>\n\t\t\t\t<\/div>\n\t\t\t\t\t\t\t<div class=\"elementor-toggle-item\">\n\t\t\t\t\t<div id=\"elementor-tab-title-1242\" class=\"elementor-tab-title\" data-tab=\"2\" role=\"button\" aria-controls=\"elementor-tab-content-1242\" aria-expanded=\"false\">\n\t\t\t\t\t\t\t\t\t\t\t\t<span class=\"elementor-toggle-icon elementor-toggle-icon-left\" aria-hidden=\"true\">\n\t\t\t\t\t\t\t\t\t\t\t\t\t\t\t<span class=\"elementor-toggle-icon-closed\"><i class=\"fas fa-caret-right\"><\/i><\/span>\n\t\t\t\t\t\t\t\t<span class=\"elementor-toggle-icon-opened\"><i class=\"elementor-toggle-icon-opened fas fa-caret-up\"><\/i><\/span>\n\t\t\t\t\t\t\t\t\t\t\t\t\t<\/span>\n\t\t\t\t\t\t\t\t\t\t\t\t<a class=\"elementor-toggle-title\" tabindex=\"0\">Bandagen und Orthesen: Die diskreten Helfer<\/a>\n\t\t\t\t\t<\/div>\n\n\t\t\t\t\t<div id=\"elementor-tab-content-1242\" class=\"elementor-tab-content elementor-clearfix\" data-tab=\"2\" role=\"region\" aria-labelledby=\"elementor-tab-title-1242\"><p><span style=\"color: #000000;\">Obwohl viele Leute Bandagen oder Orthesen tragen, sind die eigenen Erfahrungen mit diesen Hilfsmitteln doch eher gering. Im Alltag fallen sie kaum auf und wenn man nicht gerade jemanden im privaten Umfeld kennt, der selbst damit Erfahrungen gesammelt hat, fallen die Hilfsmittel in \u201eAktion\u201c kaum auf. Dies liegt unter anderem auch daran, dass modernere Bandagen und Orthesen darauf ausgelegt sind, eng am K\u00f6rper anzuliegen und meist auch von der Kleidung verdeckt werden. Somit sind Sie f\u00fcr den Au\u00dfenstehenden fast unsichtbar und mit blo\u00dfem Auge kaum zu erkennen.<\/span><\/p><\/div>\n\t\t\t\t<\/div>\n\t\t\t\t\t\t\t\t<\/div>\n\t\t\t\t\t\t<\/div>\n\t\t\t\t<\/div>\n\t\t\t\t\t<\/div>\n\t\t<\/div>\n\t\t\t\t<div class=\"elementor-column elementor-col-50 elementor-top-column elementor-element elementor-element-55a4eb1\" data-id=\"55a4eb1\" data-element_type=\"column\">\n\t\t\t<div class=\"elementor-widget-wrap elementor-element-populated\">\n\t\t\t\t\t\t<div class=\"elementor-element elementor-element-8805c02 elementor-widget elementor-widget-toggle\" data-id=\"8805c02\" data-element_type=\"widget\" data-widget_type=\"toggle.default\">\n\t\t\t\t<div class=\"elementor-widget-container\">\n\t\t\t\t\t\t\t<div class=\"elementor-toggle\">\n\t\t\t\t\t\t\t<div class=\"elementor-toggle-item\">\n\t\t\t\t\t<div id=\"elementor-tab-title-1421\" class=\"elementor-tab-title\" data-tab=\"1\" role=\"button\" aria-controls=\"elementor-tab-content-1421\" aria-expanded=\"false\">\n\t\t\t\t\t\t\t\t\t\t\t\t<span class=\"elementor-toggle-icon elementor-toggle-icon-left\" aria-hidden=\"true\">\n\t\t\t\t\t\t\t\t\t\t\t\t\t\t\t<span class=\"elementor-toggle-icon-closed\"><i class=\"fas fa-caret-right\"><\/i><\/span>\n\t\t\t\t\t\t\t\t<span class=\"elementor-toggle-icon-opened\"><i class=\"elementor-toggle-icon-opened fas fa-caret-up\"><\/i><\/span>\n\t\t\t\t\t\t\t\t\t\t\t\t\t<\/span>\n\t\t\t\t\t\t\t\t\t\t\t\t<a class=\"elementor-toggle-title\" tabindex=\"0\">Wie funktioniert eine Bandage?<\/a>\n\t\t\t\t\t<\/div>\n\n\t\t\t\t\t<div id=\"elementor-tab-content-1421\" class=\"elementor-tab-content elementor-clearfix\" data-tab=\"1\" role=\"region\" aria-labelledby=\"elementor-tab-title-1421\"><p><span style=\"color: #000000;\">Wenn man Bandagen und Orthesen vergleicht, f\u00e4llt auf, dass Bandagen flexibler und dadurch mehr f\u00fcr den aktiven Gebraucht geeignet sind. In der Regel bestehen sie aus einem elastischen Material, welches sich der eigenen K\u00f6rperform anpasst und somit einen gr\u00f6\u00dferen Bewegungsfreiraum bietet. Beim Tragen der Bandage werden die Muskeln ange- und entspannt was zu einem Wechseldruck f\u00fchrt, der wiederum die darunterliegende Muskulatur massiert. Speziell eingearbeitete Pelotten (Funktionselemente die innerhalb der Bandage speziell geformt sind) sorgen daf\u00fcr, dass spezielle Muskel- und Knorpelpartien besonders gesch\u00fctzt sind. Dadurch kann sich die Muskulatur schneller entspannen und so wird der Heilungsprozess beschleunigt.<\/span><\/p><\/div>\n\t\t\t\t<\/div>\n\t\t\t\t\t\t\t<div class=\"elementor-toggle-item\">\n\t\t\t\t\t<div id=\"elementor-tab-title-1422\" class=\"elementor-tab-title\" data-tab=\"2\" role=\"button\" aria-controls=\"elementor-tab-content-1422\" aria-expanded=\"false\">\n\t\t\t\t\t\t\t\t\t\t\t\t<span class=\"elementor-toggle-icon elementor-toggle-icon-left\" aria-hidden=\"true\">\n\t\t\t\t\t\t\t\t\t\t\t\t\t\t\t<span class=\"elementor-toggle-icon-closed\"><i class=\"fas fa-caret-right\"><\/i><\/span>\n\t\t\t\t\t\t\t\t<span class=\"elementor-toggle-icon-opened\"><i class=\"elementor-toggle-icon-opened fas fa-caret-up\"><\/i><\/span>\n\t\t\t\t\t\t\t\t\t\t\t\t\t<\/span>\n\t\t\t\t\t\t\t\t\t\t\t\t<a class=\"elementor-toggle-title\" tabindex=\"0\">Eine aktive Hilfe an der Problemzone<\/a>\n\t\t\t\t\t<\/div>\n\n\t\t\t\t\t<div id=\"elementor-tab-content-1422\" class=\"elementor-tab-content elementor-clearfix\" data-tab=\"2\" role=\"region\" aria-labelledby=\"elementor-tab-title-1422\"><p><span style=\"color: #000000;\">Da Bandagen und Orthesen K\u00f6rperpartien entlasten, beruhigen oder auch stabilisieren sollen, liegen Sie meist eng am K\u00f6rper an. Dabei werden Gelenke oder K\u00f6rperpartien eng von Ihnen umschlossen. Bandagen und Orthesen bieten verschiedene Einstellungsm\u00f6glichkeiten, um sie so perfekt an die Gegebenheiten des eigenen K\u00f6rpers anzupassen oder K\u00f6rperpartien mehr oder weniger zu stabilisieren. Im Laufe einer Behandlung k\u00f6nnen auch verschiedene Bandagen und Orthesen zum Einsatz kommen, um so den Grad der Stabilisierung zu erh\u00f6hen bzw. zu verringern.<\/span><\/p><p>\u00a0<\/p><\/div>\n\t\t\t\t<\/div>\n\t\t\t\t\t\t\t\t<\/div>\n\t\t\t\t\t\t<\/div>\n\t\t\t\t<\/div>\n\t\t\t\t\t<\/div>\n\t\t<\/div>\n\t\t\t\t\t<\/div>\n\t\t<\/section>\n\t\t\t\t<section class=\"elementor-section elementor-top-section elementor-element elementor-element-46fd93c elementor-section-boxed elementor-section-height-default elementor-section-height-default\" data-id=\"46fd93c\" data-element_type=\"section\">\n\t\t\t\t\t\t<div class=\"elementor-container elementor-column-gap-default\">\n\t\t\t\t\t<div class=\"elementor-column elementor-col-100 elementor-top-column elementor-element elementor-element-0a9e2b4\" data-id=\"0a9e2b4\" data-element_type=\"column\">\n\t\t\t<div class=\"elementor-widget-wrap elementor-element-populated\">\n\t\t\t\t\t\t<div class=\"elementor-element elementor-element-11b03fa elementor-arrows-position-inside elementor-pagination-position-outside elementor-widget elementor-widget-image-carousel\" data-id=\"11b03fa\" data-element_type=\"widget\" data-settings=\"{&quot;navigation&quot;:&quot;both&quot;,&quot;autoplay&quot;:&quot;yes&quot;,&quot;pause_on_hover&quot;:&quot;yes&quot;,&quot;pause_on_interaction&quot;:&quot;yes&quot;,&quot;autoplay_speed&quot;:5000,&quot;infinite&quot;:&quot;yes&quot;,&quot;speed&quot;:500}\" data-widget_type=\"image-carousel.default\">\n\t\t\t\t<div class=\"elementor-widget-container\">\n\t\t\t\t\t\t\t<div class=\"elementor-image-carousel-wrapper swiper\" role=\"region\" aria-roledescription=\"carousel\" aria-label=\"Bild Karussell\" dir=\"ltr\">\n\t\t\t<div class=\"elementor-image-carousel swiper-wrapper\" aria-live=\"off\">\n\t\t\t\t\t\t\t\t<div class=\"swiper-slide\" role=\"group\" aria-roledescription=\"slide\" aria-label=\"1 von 5\"><figure class=\"swiper-slide-inner\"><img decoding=\"async\" class=\"swiper-slide-image\" src=\"https:\/\/sanitaetshaus-borger.de\/2023\/wordpress\/wp-content\/uploads\/2023\/02\/grafik-1-300x285.png\" alt=\"grafik\" \/><\/figure><\/div><div class=\"swiper-slide\" role=\"group\" aria-roledescription=\"slide\" aria-label=\"2 von 5\"><figure class=\"swiper-slide-inner\"><img decoding=\"async\" class=\"swiper-slide-image\" src=\"https:\/\/sanitaetshaus-borger.de\/2023\/wordpress\/wp-content\/uploads\/2023\/02\/grafik-300x285.png\" alt=\"grafik\" \/><\/figure><\/div><div class=\"swiper-slide\" role=\"group\" aria-roledescription=\"slide\" aria-label=\"3 von 5\"><figure class=\"swiper-slide-inner\"><img decoding=\"async\" class=\"swiper-slide-image\" src=\"https:\/\/sanitaetshaus-borger.de\/2023\/wordpress\/wp-content\/uploads\/2023\/02\/114520_schwarz_002-300x300.jpg\" alt=\"114520_schwarz_002\" \/><\/figure><\/div><div class=\"swiper-slide\" role=\"group\" aria-roledescription=\"slide\" aria-label=\"4 von 5\"><figure class=\"swiper-slide-inner\"><img decoding=\"async\" class=\"swiper-slide-image\" src=\"https:\/\/sanitaetshaus-borger.de\/2023\/wordpress\/wp-content\/uploads\/2023\/02\/105100-300x300.jpg\" alt=\"105100\" \/><\/figure><\/div><div class=\"swiper-slide\" role=\"group\" aria-roledescription=\"slide\" aria-label=\"5 von 5\"><figure class=\"swiper-slide-inner\"><img decoding=\"async\" class=\"swiper-slide-image\" src=\"https:\/\/sanitaetshaus-borger.de\/2023\/wordpress\/wp-content\/uploads\/2023\/02\/Tricodur.Rhizo_.Forte_-300x285.jpg\" alt=\"Tricodur.Rhizo_.Forte_\" \/><\/figure><\/div>\t\t\t<\/div>\n\t\t\t\t\t\t\t\t\t\t\t\t<div class=\"elementor-swiper-button elementor-swiper-button-prev\" role=\"button\" tabindex=\"0\">\n\t\t\t\t\t\t<i aria-hidden=\"true\" class=\"fas fa-arrow-left\"><\/i>\t\t\t\t\t<\/div>\n\t\t\t\t\t<div class=\"elementor-swiper-button elementor-swiper-button-next\" role=\"button\" tabindex=\"0\">\n\t\t\t\t\t\t<i aria-hidden=\"true\" class=\"fas fa-arrow-right\"><\/i>\t\t\t\t\t<\/div>\n\t\t\t\t\n\t\t\t\t\t\t\t\t\t<div class=\"swiper-pagination\"><\/div>\n\t\t\t\t\t\t\t\t\t<\/div>\n\t\t\t\t\t\t<\/div>\n\t\t\t\t<\/div>\n\t\t\t\t\t<\/div>\n\t\t<\/div>\n\t\t\t\t\t<\/div>\n\t\t<\/section>\n\t\t\t\t<\/div>\n\t\t","protected":false},"excerpt":{"rendered":"<p>Bandagen und Orthesen Unsere Lieferanten https:\/\/www.youtube.com\/watch?v=RxfMQfHKhqwhttps:\/\/www.youtube.com\/watch?v=nM18GpgQ7oQ Sie haben Beschwerden in den Gelenken oder gr\u00f6\u00dferen K\u00f6rperregionen wie dem R\u00fccken oder Oberschenkel? Hier k\u00f6nnten eine Bandage und Orthesen helfen. Schmerzen k\u00f6nnen infolge von Operationen, \u00dcberlastungen oder als Altersbegleiterscheinung auftreten. Hier k\u00f6nnte eine Bandage und\/oder eine Orthese helfen, die auftretenden Schmerzen zu lindern, die Mobilit\u00e4t wiederherzustellen oder vor&hellip; <a class=\"more-link\" href=\"https:\/\/sanitaetshaus-borger.de\/2023\/wordpress\/bandagen-und-orthesen\/\"><span class=\"screen-reader-text\">Bandagen und Orthesen<\/span> weiterlesen<\/a><\/p>\n","protected":false},"author":1,"featured_media":0,"parent":0,"menu_order":0,"comment_status":"closed","ping_status":"closed","template":"elementor_header_footer","meta":{"footnotes":""},"class_list":["post-308","page","type-page","status-publish","hentry","entry"],"_links":{"self":[{"href":"https:\/\/sanitaetshaus-borger.de\/2023\/wordpress\/wp-json\/wp\/v2\/pages\/308","targetHints":{"allow":["GET"]}}],"collection":[{"href":"https:\/\/sanitaetshaus-borger.de\/2023\/wordpress\/wp-json\/wp\/v2\/pages"}],"about":[{"href":"https:\/\/sanitaetshaus-borger.de\/2023\/wordpress\/wp-json\/wp\/v2\/types\/page"}],"author":[{"embeddable":true,"href":"https:\/\/sanitaetshaus-borger.de\/2023\/wordpress\/wp-json\/wp\/v2\/users\/1"}],"replies":[{"embeddable":true,"href":"https:\/\/sanitaetshaus-borger.de\/2023\/wordpress\/wp-json\/wp\/v2\/comments?post=308"}],"version-history":[{"count":40,"href":"https:\/\/sanitaetshaus-borger.de\/2023\/wordpress\/wp-json\/wp\/v2\/pages\/308\/revisions"}],"predecessor-version":[{"id":581,"href":"https:\/\/sanitaetshaus-borger.de\/2023\/wordpress\/wp-json\/wp\/v2\/pages\/308\/revisions\/581"}],"wp:attachment":[{"href":"https:\/\/sanitaetshaus-borger.de\/2023\/wordpress\/wp-json\/wp\/v2\/media?parent=308"}],"curies":[{"name":"wp","href":"https:\/\/api.w.org\/{rel}","templated":true}]}}