{"id":296,"date":"2023-02-08T12:26:38","date_gmt":"2023-02-08T11:26:38","guid":{"rendered":"https:\/\/sanitaetshaus-borger.de\/2023\/wordpress\/?page_id=296"},"modified":"2025-12-16T10:57:12","modified_gmt":"2025-12-16T09:57:12","slug":"badezimmer","status":"publish","type":"page","link":"https:\/\/sanitaetshaus-borger.de\/2023\/wordpress\/badezimmer\/","title":{"rendered":"Badezimmer"},"content":{"rendered":"\t\t<div data-elementor-type=\"wp-page\" data-elementor-id=\"296\" class=\"elementor elementor-296\" data-elementor-post-type=\"page\">\n\t\t\t\t\t\t<section class=\"elementor-section elementor-top-section elementor-element elementor-element-da8fe36 elementor-section-boxed elementor-section-height-default elementor-section-height-default\" data-id=\"da8fe36\" data-element_type=\"section\">\n\t\t\t\t\t\t<div class=\"elementor-container elementor-column-gap-default\">\n\t\t\t\t\t<div class=\"elementor-column elementor-col-100 elementor-top-column elementor-element elementor-element-9f179ec\" data-id=\"9f179ec\" data-element_type=\"column\">\n\t\t\t<div class=\"elementor-widget-wrap elementor-element-populated\">\n\t\t\t\t\t\t<div class=\"elementor-element elementor-element-88bc1c9 elementor-widget elementor-widget-heading\" data-id=\"88bc1c9\" data-element_type=\"widget\" data-widget_type=\"heading.default\">\n\t\t\t\t<div class=\"elementor-widget-container\">\n\t\t\t\t\t<h2 class=\"elementor-heading-title elementor-size-default\">Badezimmer<\/h2>\t\t\t\t<\/div>\n\t\t\t\t<\/div>\n\t\t\t\t\t<\/div>\n\t\t<\/div>\n\t\t\t\t\t<\/div>\n\t\t<\/section>\n\t\t\t\t<section class=\"elementor-section elementor-top-section elementor-element elementor-element-a243753 elementor-section-boxed elementor-section-height-default elementor-section-height-default\" data-id=\"a243753\" data-element_type=\"section\">\n\t\t\t\t\t\t<div class=\"elementor-container elementor-column-gap-default\">\n\t\t\t\t\t<div class=\"elementor-column elementor-col-50 elementor-top-column elementor-element elementor-element-9e08c64\" data-id=\"9e08c64\" data-element_type=\"column\">\n\t\t\t<div class=\"elementor-widget-wrap elementor-element-populated\">\n\t\t\t\t\t\t<div class=\"elementor-element elementor-element-109a051 elementor-widget elementor-widget-text-editor\" data-id=\"109a051\" data-element_type=\"widget\" data-widget_type=\"text-editor.default\">\n\t\t\t\t<div class=\"elementor-widget-container\">\n\t\t\t\t\t\t\t\t\t<p data-start=\"138\" data-end=\"311\">Unser Sanit\u00e4tshaus bietet Ihnen in Kooperation mit unseren Lieferanten <strong>Russka<\/strong>,<strong>drive<\/strong> und <strong>Invacare<\/strong>, eine gro\u00dfe Auswahl an hochwertigen Alltagshilfen, die das Badezimmer zu einem sicheren Ort machen \u2013 f\u00fcr mehr Unabh\u00e4ngigkeit und Wohlbefinden.<\/p><p data-start=\"313\" data-end=\"473\"><strong data-start=\"313\" data-end=\"328\">\u00a0<\/strong><\/p><p data-start=\"313\" data-end=\"473\"><strong data-start=\"313\" data-end=\"328\">Haltegriffe:<\/strong><br data-start=\"328\" data-end=\"331\" \/>Stabile Haltegriffe sorgen f\u00fcr sicheren Halt beim Ein- und Aussteigen aus Dusche oder Badewanne und geben zus\u00e4tzliche Unterst\u00fctzung im Alltag.<\/p><p data-start=\"475\" data-end=\"643\"><strong data-start=\"475\" data-end=\"495\">Badewannenlifter:<\/strong><br data-start=\"495\" data-end=\"498\" \/>Unsere Badewannenlifter erleichtern Ihnen das Ein- und Aussteigen und erm\u00f6glichen ein entspanntes, sicheres Badeerlebnis \u2013 ganz ohne Anstrengung.<\/p><p data-start=\"645\" data-end=\"811\"><strong data-start=\"645\" data-end=\"672\">Duschhocker:<\/strong><br data-start=\"672\" data-end=\"675\" \/>Mit den Duschhockern von Russka inkl. Hygieneausschnitt oder von Drive bieten wir sichere, stabile und komfortable Unterst\u00fctzung f\u00fcr den Alltag im Bad.<\/p><p data-start=\"813\" data-end=\"981\">\u00a0<\/p>\t\t\t\t\t\t\t\t<\/div>\n\t\t\t\t<\/div>\n\t\t\t\t<section class=\"elementor-section elementor-inner-section elementor-element elementor-element-eed66ca elementor-section-boxed elementor-section-height-default elementor-section-height-default\" data-id=\"eed66ca\" data-element_type=\"section\">\n\t\t\t\t\t\t<div class=\"elementor-container elementor-column-gap-default\">\n\t\t\t\t\t<div class=\"elementor-column elementor-col-50 elementor-inner-column elementor-element elementor-element-07c562a\" data-id=\"07c562a\" data-element_type=\"column\">\n\t\t\t<div class=\"elementor-widget-wrap elementor-element-populated\">\n\t\t\t\t\t\t<div class=\"elementor-element elementor-element-1816206 elementor-widget elementor-widget-image\" data-id=\"1816206\" data-element_type=\"widget\" data-widget_type=\"image.default\">\n\t\t\t\t<div class=\"elementor-widget-container\">\n\t\t\t\t\t\t\t\t\t\t\t\t\t\t\t<img fetchpriority=\"high\" decoding=\"async\" width=\"300\" height=\"300\" src=\"https:\/\/sanitaetshaus-borger.de\/2023\/wordpress\/wp-content\/uploads\/2025\/12\/1686265036_MPIC003213_ORCA-CV02-300x300.jpg\" class=\"attachment-medium size-medium wp-image-622\" alt=\"\" srcset=\"https:\/\/sanitaetshaus-borger.de\/2023\/wordpress\/wp-content\/uploads\/2025\/12\/1686265036_MPIC003213_ORCA-CV02-300x300.jpg 300w, https:\/\/sanitaetshaus-borger.de\/2023\/wordpress\/wp-content\/uploads\/2025\/12\/1686265036_MPIC003213_ORCA-CV02-1024x1024.jpg 1024w, https:\/\/sanitaetshaus-borger.de\/2023\/wordpress\/wp-content\/uploads\/2025\/12\/1686265036_MPIC003213_ORCA-CV02-150x150.jpg 150w, https:\/\/sanitaetshaus-borger.de\/2023\/wordpress\/wp-content\/uploads\/2025\/12\/1686265036_MPIC003213_ORCA-CV02-768x768.jpg 768w, https:\/\/sanitaetshaus-borger.de\/2023\/wordpress\/wp-content\/uploads\/2025\/12\/1686265036_MPIC003213_ORCA-CV02-1536x1536.jpg 1536w, https:\/\/sanitaetshaus-borger.de\/2023\/wordpress\/wp-content\/uploads\/2025\/12\/1686265036_MPIC003213_ORCA-CV02-2048x2048.jpg 2048w, https:\/\/sanitaetshaus-borger.de\/2023\/wordpress\/wp-content\/uploads\/2025\/12\/1686265036_MPIC003213_ORCA-CV02-1568x1569.jpg 1568w\" sizes=\"(max-width: 300px) 100vw, 300px\" style=\"width:100%;height:100.05%;max-width:2199px\" \/>\t\t\t\t\t\t\t\t\t\t\t\t\t\t\t<\/div>\n\t\t\t\t<\/div>\n\t\t\t\t\t<\/div>\n\t\t<\/div>\n\t\t\t\t<div class=\"elementor-column elementor-col-50 elementor-inner-column elementor-element elementor-element-339c565\" data-id=\"339c565\" data-element_type=\"column\">\n\t\t\t<div class=\"elementor-widget-wrap elementor-element-populated\">\n\t\t\t\t\t\t<div class=\"elementor-element elementor-element-7f25c02 elementor-widget elementor-widget-image\" data-id=\"7f25c02\" data-element_type=\"widget\" data-widget_type=\"image.default\">\n\t\t\t\t<div class=\"elementor-widget-container\">\n\t\t\t\t\t\t\t\t\t\t\t\t\t\t\t<img decoding=\"async\" width=\"219\" height=\"300\" src=\"https:\/\/sanitaetshaus-borger.de\/2023\/wordpress\/wp-content\/uploads\/2025\/12\/550500100_dino_hauptbild-219x300.webp\" class=\"attachment-medium size-medium wp-image-621\" alt=\"\" srcset=\"https:\/\/sanitaetshaus-borger.de\/2023\/wordpress\/wp-content\/uploads\/2025\/12\/550500100_dino_hauptbild-219x300.webp 219w, https:\/\/sanitaetshaus-borger.de\/2023\/wordpress\/wp-content\/uploads\/2025\/12\/550500100_dino_hauptbild.webp 397w\" sizes=\"(max-width: 219px) 100vw, 219px\" style=\"width:100%;height:137.28%;max-width:397px\" \/>\t\t\t\t\t\t\t\t\t\t\t\t\t\t\t<\/div>\n\t\t\t\t<\/div>\n\t\t\t\t\t<\/div>\n\t\t<\/div>\n\t\t\t\t\t<\/div>\n\t\t<\/section>\n\t\t\t\t\t<\/div>\n\t\t<\/div>\n\t\t\t\t<div class=\"elementor-column elementor-col-50 elementor-top-column elementor-element elementor-element-26f33c9\" data-id=\"26f33c9\" data-element_type=\"column\">\n\t\t\t<div class=\"elementor-widget-wrap elementor-element-populated\">\n\t\t\t\t\t\t<div class=\"elementor-element elementor-element-40e68f1 elementor-widget elementor-widget-image\" data-id=\"40e68f1\" data-element_type=\"widget\" data-widget_type=\"image.default\">\n\t\t\t\t<div class=\"elementor-widget-container\">\n\t\t\t\t\t\t\t\t\t\t\t\t\t\t\t<img decoding=\"async\" width=\"750\" height=\"257\" src=\"https:\/\/sanitaetshaus-borger.de\/2023\/wordpress\/wp-content\/uploads\/2023\/02\/grafik-2.png\" class=\"attachment-medium_large size-medium_large wp-image-353\" alt=\"\" srcset=\"https:\/\/sanitaetshaus-borger.de\/2023\/wordpress\/wp-content\/uploads\/2023\/02\/grafik-2.png 768w, https:\/\/sanitaetshaus-borger.de\/2023\/wordpress\/wp-content\/uploads\/2023\/02\/grafik-2-300x103.png 300w\" sizes=\"(max-width: 750px) 100vw, 750px\" style=\"width:100%;height:34.24%;max-width:768px\" \/>\t\t\t\t\t\t\t\t\t\t\t\t\t\t\t<\/div>\n\t\t\t\t<\/div>\n\t\t\t\t<div class=\"elementor-element elementor-element-a647c7a elementor-widget elementor-widget-image\" data-id=\"a647c7a\" data-element_type=\"widget\" data-widget_type=\"image.default\">\n\t\t\t\t<div class=\"elementor-widget-container\">\n\t\t\t\t\t\t\t\t\t\t\t\t\t\t\t<img loading=\"lazy\" decoding=\"async\" width=\"500\" height=\"500\" src=\"https:\/\/sanitaetshaus-borger.de\/2023\/wordpress\/wp-content\/uploads\/2025\/12\/Drive-Medical-Elektromobile-Bremen-Achim.png\" class=\"attachment-large size-large wp-image-618\" alt=\"\" srcset=\"https:\/\/sanitaetshaus-borger.de\/2023\/wordpress\/wp-content\/uploads\/2025\/12\/Drive-Medical-Elektromobile-Bremen-Achim.png 500w, https:\/\/sanitaetshaus-borger.de\/2023\/wordpress\/wp-content\/uploads\/2025\/12\/Drive-Medical-Elektromobile-Bremen-Achim-300x300.png 300w, https:\/\/sanitaetshaus-borger.de\/2023\/wordpress\/wp-content\/uploads\/2025\/12\/Drive-Medical-Elektromobile-Bremen-Achim-150x150.png 150w\" sizes=\"(max-width: 500px) 100vw, 500px\" style=\"width:100%;height:100%;max-width:500px\" \/>\t\t\t\t\t\t\t\t\t\t\t\t\t\t\t<\/div>\n\t\t\t\t<\/div>\n\t\t\t\t<div class=\"elementor-element elementor-element-1fce8c7 elementor-widget elementor-widget-image\" data-id=\"1fce8c7\" data-element_type=\"widget\" data-widget_type=\"image.default\">\n\t\t\t\t<div class=\"elementor-widget-container\">\n\t\t\t\t\t\t\t\t\t\t\t\t\t\t\t<img loading=\"lazy\" decoding=\"async\" width=\"300\" height=\"300\" src=\"https:\/\/sanitaetshaus-borger.de\/2023\/wordpress\/wp-content\/uploads\/2025\/12\/invacare.jpg\" class=\"attachment-large size-large wp-image-620\" alt=\"\" srcset=\"https:\/\/sanitaetshaus-borger.de\/2023\/wordpress\/wp-content\/uploads\/2025\/12\/invacare.jpg 300w, https:\/\/sanitaetshaus-borger.de\/2023\/wordpress\/wp-content\/uploads\/2025\/12\/invacare-150x150.jpg 150w\" sizes=\"(max-width: 300px) 100vw, 300px\" style=\"width:100%;height:100%;max-width:300px\" \/>\t\t\t\t\t\t\t\t\t\t\t\t\t\t\t<\/div>\n\t\t\t\t<\/div>\n\t\t\t\t\t<\/div>\n\t\t<\/div>\n\t\t\t\t\t<\/div>\n\t\t<\/section>\n\t\t\t\t<\/div>\n\t\t","protected":false},"excerpt":{"rendered":"<p>Badezimmer Unser Sanit\u00e4tshaus bietet Ihnen in Kooperation mit unseren Lieferanten Russka,drive und Invacare, eine gro\u00dfe Auswahl an hochwertigen Alltagshilfen, die das Badezimmer zu einem sicheren Ort machen \u2013 f\u00fcr mehr Unabh\u00e4ngigkeit und Wohlbefinden. \u00a0 Haltegriffe:Stabile Haltegriffe sorgen f\u00fcr sicheren Halt beim Ein- und Aussteigen aus Dusche oder Badewanne und geben zus\u00e4tzliche Unterst\u00fctzung im Alltag. Badewannenlifter:Unsere&hellip; <a class=\"more-link\" href=\"https:\/\/sanitaetshaus-borger.de\/2023\/wordpress\/badezimmer\/\"><span class=\"screen-reader-text\">Badezimmer<\/span> weiterlesen<\/a><\/p>\n","protected":false},"author":1,"featured_media":0,"parent":0,"menu_order":0,"comment_status":"closed","ping_status":"closed","template":"elementor_header_footer","meta":{"footnotes":""},"class_list":["post-296","page","type-page","status-publish","hentry","entry"],"_links":{"self":[{"href":"https:\/\/sanitaetshaus-borger.de\/2023\/wordpress\/wp-json\/wp\/v2\/pages\/296","targetHints":{"allow":["GET"]}}],"collection":[{"href":"https:\/\/sanitaetshaus-borger.de\/2023\/wordpress\/wp-json\/wp\/v2\/pages"}],"about":[{"href":"https:\/\/sanitaetshaus-borger.de\/2023\/wordpress\/wp-json\/wp\/v2\/types\/page"}],"author":[{"embeddable":true,"href":"https:\/\/sanitaetshaus-borger.de\/2023\/wordpress\/wp-json\/wp\/v2\/users\/1"}],"replies":[{"embeddable":true,"href":"https:\/\/sanitaetshaus-borger.de\/2023\/wordpress\/wp-json\/wp\/v2\/comments?post=296"}],"version-history":[{"count":32,"href":"https:\/\/sanitaetshaus-borger.de\/2023\/wordpress\/wp-json\/wp\/v2\/pages\/296\/revisions"}],"predecessor-version":[{"id":629,"href":"https:\/\/sanitaetshaus-borger.de\/2023\/wordpress\/wp-json\/wp\/v2\/pages\/296\/revisions\/629"}],"wp:attachment":[{"href":"https:\/\/sanitaetshaus-borger.de\/2023\/wordpress\/wp-json\/wp\/v2\/media?parent=296"}],"curies":[{"name":"wp","href":"https:\/\/api.w.org\/{rel}","templated":true}]}}