{"id":260,"date":"2023-02-08T11:26:33","date_gmt":"2023-02-08T10:26:33","guid":{"rendered":"https:\/\/sanitaetshaus-borger.de\/2023\/wordpress\/?page_id=260"},"modified":"2023-04-05T15:08:31","modified_gmt":"2023-04-05T13:08:31","slug":"bett-und-wohnen","status":"publish","type":"page","link":"https:\/\/sanitaetshaus-borger.de\/2023\/wordpress\/bett-und-wohnen\/","title":{"rendered":"Bett und Wohnen"},"content":{"rendered":"\t\t<div data-elementor-type=\"wp-page\" data-elementor-id=\"260\" class=\"elementor elementor-260\" data-elementor-post-type=\"page\">\n\t\t\t\t\t\t<section class=\"elementor-section elementor-top-section elementor-element elementor-element-9bee354 elementor-section-boxed elementor-section-height-default elementor-section-height-default\" data-id=\"9bee354\" data-element_type=\"section\">\n\t\t\t\t\t\t<div class=\"elementor-container elementor-column-gap-default\">\n\t\t\t\t\t<div class=\"elementor-column elementor-col-100 elementor-top-column elementor-element elementor-element-85f2996\" data-id=\"85f2996\" data-element_type=\"column\">\n\t\t\t<div class=\"elementor-widget-wrap elementor-element-populated\">\n\t\t\t\t\t\t<div class=\"elementor-element elementor-element-25c5145 elementor-widget elementor-widget-heading\" data-id=\"25c5145\" data-element_type=\"widget\" data-widget_type=\"heading.default\">\n\t\t\t\t<div class=\"elementor-widget-container\">\n\t\t\t\t\t<h2 class=\"elementor-heading-title elementor-size-default\">Bett und Wohnen<\/h2>\t\t\t\t<\/div>\n\t\t\t\t<\/div>\n\t\t\t\t\t<\/div>\n\t\t<\/div>\n\t\t\t\t\t<\/div>\n\t\t<\/section>\n\t\t\t\t<section class=\"elementor-section elementor-top-section elementor-element elementor-element-86510a9 elementor-section-boxed elementor-section-height-default elementor-section-height-default\" data-id=\"86510a9\" data-element_type=\"section\">\n\t\t\t\t\t\t<div class=\"elementor-container elementor-column-gap-default\">\n\t\t\t\t\t<div class=\"elementor-column elementor-col-100 elementor-top-column elementor-element elementor-element-31c8046\" data-id=\"31c8046\" data-element_type=\"column\">\n\t\t\t<div class=\"elementor-widget-wrap elementor-element-populated\">\n\t\t\t\t\t\t<div class=\"elementor-element elementor-element-68a4a16 elementor--h-position-center elementor--v-position-middle elementor-arrows-position-inside elementor-pagination-position-inside elementor-widget elementor-widget-slides\" data-id=\"68a4a16\" data-element_type=\"widget\" data-settings=\"{&quot;navigation&quot;:&quot;both&quot;,&quot;autoplay&quot;:&quot;yes&quot;,&quot;pause_on_hover&quot;:&quot;yes&quot;,&quot;pause_on_interaction&quot;:&quot;yes&quot;,&quot;autoplay_speed&quot;:5000,&quot;infinite&quot;:&quot;yes&quot;,&quot;transition&quot;:&quot;slide&quot;,&quot;transition_speed&quot;:500}\" data-widget_type=\"slides.default\">\n\t\t\t\t<div class=\"elementor-widget-container\">\n\t\t\t\t\t\t\t\t\t<div class=\"elementor-swiper\">\n\t\t\t\t\t<div class=\"elementor-slides-wrapper elementor-main-swiper swiper\" role=\"region\" aria-roledescription=\"carousel\" aria-label=\"Slider\" dir=\"ltr\" data-animation=\"fadeInUp\">\n\t\t\t\t<div class=\"swiper-wrapper elementor-slides\">\n\t\t\t\t\t\t\t\t\t\t<div class=\"elementor-repeater-item-2237ed1 swiper-slide\" role=\"group\" aria-roledescription=\"slide\"><div class=\"swiper-slide-bg\" role=\"img\"><\/div><div class=\"swiper-slide-inner\" ><div class=\"swiper-slide-contents\"><\/div><\/div><\/div><div class=\"elementor-repeater-item-6c191b7 swiper-slide\" role=\"group\" aria-roledescription=\"slide\"><div class=\"swiper-slide-bg\" role=\"img\"><\/div><div class=\"swiper-slide-inner\" ><div class=\"swiper-slide-contents\"><\/div><\/div><\/div>\t\t\t\t<\/div>\n\t\t\t\t\t\t\t\t\t\t\t\t\t\t\t<div class=\"elementor-swiper-button elementor-swiper-button-prev\" role=\"button\" tabindex=\"0\" aria-label=\"Previous slide\">\n\t\t\t\t\t\t\t<i aria-hidden=\"true\" class=\"eicon-chevron-left\"><\/i>\t\t\t\t\t\t<\/div>\n\t\t\t\t\t\t<div class=\"elementor-swiper-button elementor-swiper-button-next\" role=\"button\" tabindex=\"0\" aria-label=\"Next slide\">\n\t\t\t\t\t\t\t<i aria-hidden=\"true\" class=\"eicon-chevron-right\"><\/i>\t\t\t\t\t\t<\/div>\n\t\t\t\t\t\t\t\t\t\t\t\t\t\t\t\t<div class=\"swiper-pagination\"><\/div>\n\t\t\t\t\t\t\t\t\t\t\t\t<\/div>\n\t\t\t\t<\/div>\n\t\t\t\t\t\t\t\t<\/div>\n\t\t\t\t<\/div>\n\t\t\t\t\t<\/div>\n\t\t<\/div>\n\t\t\t\t\t<\/div>\n\t\t<\/section>\n\t\t\t\t<section class=\"elementor-section elementor-top-section elementor-element elementor-element-8b230ee elementor-section-boxed elementor-section-height-default elementor-section-height-default\" data-id=\"8b230ee\" data-element_type=\"section\">\n\t\t\t\t\t\t<div class=\"elementor-container elementor-column-gap-default\">\n\t\t\t\t\t<div class=\"elementor-column elementor-col-66 elementor-top-column elementor-element elementor-element-3953406\" data-id=\"3953406\" data-element_type=\"column\">\n\t\t\t<div class=\"elementor-widget-wrap elementor-element-populated\">\n\t\t\t\t\t\t<div class=\"elementor-element elementor-element-d2c0c17 elementor-widget elementor-widget-heading\" data-id=\"d2c0c17\" data-element_type=\"widget\" data-widget_type=\"heading.default\">\n\t\t\t\t<div class=\"elementor-widget-container\">\n\t\t\t\t\t<h2 class=\"elementor-heading-title elementor-size-default\">Unser Lieferant<\/h2>\t\t\t\t<\/div>\n\t\t\t\t<\/div>\n\t\t\t\t<div class=\"elementor-element elementor-element-cf0093d elementor-widget elementor-widget-text-editor\" data-id=\"cf0093d\" data-element_type=\"widget\" data-widget_type=\"text-editor.default\">\n\t\t\t\t<div class=\"elementor-widget-container\">\n\t\t\t\t\t\t\t\t\t<p>Unser Sanit\u00e4tshaus hat langj\u00e4hrige Erfahrung in der Zusammenarbeit mit der Firma Burmeier. Jedes Bett oder auch die Wohnraumausstattung werden f\u00fcr jeden Kunden individuell ausgesucht und angepasst.<\/p><p>Mit der Firma Burmeier hat das Sanit\u00e4tshaus Borger Zugriff auf hunderte Variationen von Betten und Einrichtungsgegenst\u00e4nden.<\/p><p>Gerne k\u00f6nnen Sie sich schon jetzt ein Pflegebett und Zubeh\u00f6r in unserem Standort in Haltern am See anschauen.<\/p>\t\t\t\t\t\t\t\t<\/div>\n\t\t\t\t<\/div>\n\t\t\t\t\t<\/div>\n\t\t<\/div>\n\t\t\t\t<div class=\"elementor-column elementor-col-33 elementor-top-column elementor-element elementor-element-b60a0b7\" data-id=\"b60a0b7\" data-element_type=\"column\">\n\t\t\t<div class=\"elementor-widget-wrap elementor-element-populated\">\n\t\t\t\t\t\t<div class=\"elementor-element elementor-element-f984079 elementor-widget elementor-widget-spacer\" data-id=\"f984079\" data-element_type=\"widget\" data-widget_type=\"spacer.default\">\n\t\t\t\t<div class=\"elementor-widget-container\">\n\t\t\t\t\t\t\t<div class=\"elementor-spacer\">\n\t\t\t<div class=\"elementor-spacer-inner\"><\/div>\n\t\t<\/div>\n\t\t\t\t\t\t<\/div>\n\t\t\t\t<\/div>\n\t\t\t\t<div class=\"elementor-element elementor-element-a99a9a2 elementor-widget elementor-widget-image\" data-id=\"a99a9a2\" data-element_type=\"widget\" data-widget_type=\"image.default\">\n\t\t\t\t<div class=\"elementor-widget-container\">\n\t\t\t\t\t\t\t\t\t\t\t\t\t\t\t<img fetchpriority=\"high\" decoding=\"async\" width=\"750\" height=\"343\" src=\"https:\/\/sanitaetshaus-borger.de\/2023\/wordpress\/wp-content\/uploads\/2023\/02\/Logo-Burmeier2014-RGB-1024x468.png\" class=\"attachment-large size-large wp-image-271\" alt=\"\" srcset=\"https:\/\/sanitaetshaus-borger.de\/2023\/wordpress\/wp-content\/uploads\/2023\/02\/Logo-Burmeier2014-RGB-1024x468.png 1024w, https:\/\/sanitaetshaus-borger.de\/2023\/wordpress\/wp-content\/uploads\/2023\/02\/Logo-Burmeier2014-RGB-300x137.png 300w, https:\/\/sanitaetshaus-borger.de\/2023\/wordpress\/wp-content\/uploads\/2023\/02\/Logo-Burmeier2014-RGB-768x351.png 768w, https:\/\/sanitaetshaus-borger.de\/2023\/wordpress\/wp-content\/uploads\/2023\/02\/Logo-Burmeier2014-RGB-1536x701.png 1536w, https:\/\/sanitaetshaus-borger.de\/2023\/wordpress\/wp-content\/uploads\/2023\/02\/Logo-Burmeier2014-RGB-2048x935.png 2048w, https:\/\/sanitaetshaus-borger.de\/2023\/wordpress\/wp-content\/uploads\/2023\/02\/Logo-Burmeier2014-RGB-1568x716.png 1568w\" sizes=\"(max-width: 750px) 100vw, 750px\" style=\"width:100%;height:45.66%;max-width:3189px\" \/>\t\t\t\t\t\t\t\t\t\t\t\t\t\t\t<\/div>\n\t\t\t\t<\/div>\n\t\t\t\t\t<\/div>\n\t\t<\/div>\n\t\t\t\t\t<\/div>\n\t\t<\/section>\n\t\t\t\t<section class=\"elementor-section elementor-top-section elementor-element elementor-element-34cc961 elementor-section-boxed elementor-section-height-default elementor-section-height-default\" data-id=\"34cc961\" data-element_type=\"section\">\n\t\t\t\t\t\t<div class=\"elementor-container elementor-column-gap-default\">\n\t\t\t\t\t<div class=\"elementor-column elementor-col-100 elementor-top-column elementor-element elementor-element-3c915e0\" data-id=\"3c915e0\" data-element_type=\"column\">\n\t\t\t<div class=\"elementor-widget-wrap elementor-element-populated\">\n\t\t\t\t\t\t<div class=\"elementor-element elementor-element-00d5a37 elementor-widget elementor-widget-spacer\" data-id=\"00d5a37\" data-element_type=\"widget\" data-widget_type=\"spacer.default\">\n\t\t\t\t<div class=\"elementor-widget-container\">\n\t\t\t\t\t\t\t<div class=\"elementor-spacer\">\n\t\t\t<div class=\"elementor-spacer-inner\"><\/div>\n\t\t<\/div>\n\t\t\t\t\t\t<\/div>\n\t\t\t\t<\/div>\n\t\t\t\t<div class=\"elementor-element elementor-element-8927fde elementor-widget elementor-widget-heading\" data-id=\"8927fde\" data-element_type=\"widget\" data-widget_type=\"heading.default\">\n\t\t\t\t<div class=\"elementor-widget-container\">\n\t\t\t\t\t<h3 class=\"elementor-heading-title elementor-size-default\">Hier sehen sie eine kleine Auswahl der Produkte<\/h3>\t\t\t\t<\/div>\n\t\t\t\t<\/div>\n\t\t\t\t\t<\/div>\n\t\t<\/div>\n\t\t\t\t\t<\/div>\n\t\t<\/section>\n\t\t\t\t<section class=\"elementor-section elementor-top-section elementor-element elementor-element-3315ccd elementor-section-boxed elementor-section-height-default elementor-section-height-default\" data-id=\"3315ccd\" data-element_type=\"section\">\n\t\t\t\t\t\t<div class=\"elementor-container elementor-column-gap-default\">\n\t\t\t\t\t<div class=\"elementor-column elementor-col-100 elementor-top-column elementor-element elementor-element-23229db\" data-id=\"23229db\" data-element_type=\"column\">\n\t\t\t<div class=\"elementor-widget-wrap elementor-element-populated\">\n\t\t\t\t\t\t<div class=\"elementor-element elementor-element-da3cb20 elementor-arrows-position-inside elementor-pagination-position-outside elementor-widget elementor-widget-image-carousel\" data-id=\"da3cb20\" data-element_type=\"widget\" data-settings=\"{&quot;slides_to_show&quot;:&quot;3&quot;,&quot;navigation&quot;:&quot;both&quot;,&quot;autoplay&quot;:&quot;yes&quot;,&quot;pause_on_hover&quot;:&quot;yes&quot;,&quot;pause_on_interaction&quot;:&quot;yes&quot;,&quot;autoplay_speed&quot;:5000,&quot;infinite&quot;:&quot;yes&quot;,&quot;speed&quot;:500}\" data-widget_type=\"image-carousel.default\">\n\t\t\t\t<div class=\"elementor-widget-container\">\n\t\t\t\t\t\t\t<div class=\"elementor-image-carousel-wrapper swiper\" role=\"region\" aria-roledescription=\"carousel\" aria-label=\"Bild Karussell\" dir=\"ltr\">\n\t\t\t<div class=\"elementor-image-carousel swiper-wrapper\" aria-live=\"off\">\n\t\t\t\t\t\t\t\t<div class=\"swiper-slide\" role=\"group\" aria-roledescription=\"slide\" aria-label=\"1 von 9\"><a data-elementor-open-lightbox=\"yes\" data-elementor-lightbox-slideshow=\"da3cb20\" data-elementor-lightbox-title=\"Burmeier_BBT-Solo-vertikal_1\" data-e-action-hash=\"#elementor-action%3Aaction%3Dlightbox%26settings%3DeyJpZCI6Mjc2LCJ1cmwiOiJodHRwczpcL1wvc2FuaXRhZXRzaGF1cy1ib3JnZXIuZGVcLzIwMjNcL3dvcmRwcmVzc1wvd3AtY29udGVudFwvdXBsb2Fkc1wvMjAyM1wvMDJcL0J1cm1laWVyX0JCVC1Tb2xvLXZlcnRpa2FsXzEuanBnIiwic2xpZGVzaG93IjoiZGEzY2IyMCJ9\" href=\"https:\/\/sanitaetshaus-borger.de\/2023\/wordpress\/wp-content\/uploads\/2023\/02\/Burmeier_BBT-Solo-vertikal_1.jpg\"><figure class=\"swiper-slide-inner\"><img decoding=\"async\" class=\"swiper-slide-image\" src=\"https:\/\/sanitaetshaus-borger.de\/2023\/wordpress\/wp-content\/uploads\/2023\/02\/Burmeier_BBT-Solo-vertikal_1-249x300.jpg\" alt=\"Burmeier_BBT-Solo-vertikal_1\" \/><\/figure><\/a><\/div><div class=\"swiper-slide\" role=\"group\" aria-roledescription=\"slide\" aria-label=\"2 von 9\"><a data-elementor-open-lightbox=\"yes\" data-elementor-lightbox-slideshow=\"da3cb20\" data-elementor-lightbox-title=\"Burmeier_9007_Regia_TSG_H_cuLLS_01_2016_01\" data-e-action-hash=\"#elementor-action%3Aaction%3Dlightbox%26settings%3DeyJpZCI6Mjc3LCJ1cmwiOiJodHRwczpcL1wvc2FuaXRhZXRzaGF1cy1ib3JnZXIuZGVcLzIwMjNcL3dvcmRwcmVzc1wvd3AtY29udGVudFwvdXBsb2Fkc1wvMjAyM1wvMDJcL0J1cm1laWVyXzkwMDdfUmVnaWFfVFNHX0hfY3VMTFNfMDFfMjAxNl8wMS5qcGciLCJzbGlkZXNob3ciOiJkYTNjYjIwIn0%3D\" href=\"https:\/\/sanitaetshaus-borger.de\/2023\/wordpress\/wp-content\/uploads\/2023\/02\/Burmeier_9007_Regia_TSG_H_cuLLS_01_2016_01.jpg\"><figure class=\"swiper-slide-inner\"><img decoding=\"async\" class=\"swiper-slide-image\" src=\"https:\/\/sanitaetshaus-borger.de\/2023\/wordpress\/wp-content\/uploads\/2023\/02\/Burmeier_9007_Regia_TSG_H_cuLLS_01_2016_01-227x300.jpg\" alt=\"Burmeier_9007_Regia_TSG_H_cuLLS_01_2016_01\" \/><\/figure><\/a><\/div><div class=\"swiper-slide\" role=\"group\" aria-roledescription=\"slide\" aria-label=\"3 von 9\"><a data-elementor-open-lightbox=\"yes\" data-elementor-lightbox-slideshow=\"da3cb20\" data-elementor-lightbox-title=\"9263_Burmeier_Nati_Hermann_06_2016_07\" data-e-action-hash=\"#elementor-action%3Aaction%3Dlightbox%26settings%3DeyJpZCI6Mjc4LCJ1cmwiOiJodHRwczpcL1wvc2FuaXRhZXRzaGF1cy1ib3JnZXIuZGVcLzIwMjNcL3dvcmRwcmVzc1wvd3AtY29udGVudFwvdXBsb2Fkc1wvMjAyM1wvMDJcLzkyNjNfQnVybWVpZXJfTmF0aV9IZXJtYW5uXzA2XzIwMTZfMDcuanBnIiwic2xpZGVzaG93IjoiZGEzY2IyMCJ9\" href=\"https:\/\/sanitaetshaus-borger.de\/2023\/wordpress\/wp-content\/uploads\/2023\/02\/9263_Burmeier_Nati_Hermann_06_2016_07.jpg\"><figure class=\"swiper-slide-inner\"><img decoding=\"async\" class=\"swiper-slide-image\" src=\"https:\/\/sanitaetshaus-borger.de\/2023\/wordpress\/wp-content\/uploads\/2023\/02\/9263_Burmeier_Nati_Hermann_06_2016_07-200x300.jpg\" alt=\"9263_Burmeier_Nati_Hermann_06_2016_07\" \/><\/figure><\/a><\/div><div class=\"swiper-slide\" role=\"group\" aria-roledescription=\"slide\" aria-label=\"4 von 9\"><a data-elementor-open-lightbox=\"yes\" data-elementor-lightbox-slideshow=\"da3cb20\" data-elementor-lightbox-title=\"Burmeier_Varus-R4889-bella_noche-2\" data-e-action-hash=\"#elementor-action%3Aaction%3Dlightbox%26settings%3DeyJpZCI6Mjc5LCJ1cmwiOiJodHRwczpcL1wvc2FuaXRhZXRzaGF1cy1ib3JnZXIuZGVcLzIwMjNcL3dvcmRwcmVzc1wvd3AtY29udGVudFwvdXBsb2Fkc1wvMjAyM1wvMDJcL0J1cm1laWVyX1ZhcnVzLVI0ODg5LWJlbGxhX25vY2hlLTIuanBnIiwic2xpZGVzaG93IjoiZGEzY2IyMCJ9\" href=\"https:\/\/sanitaetshaus-borger.de\/2023\/wordpress\/wp-content\/uploads\/2023\/02\/Burmeier_Varus-R4889-bella_noche-2.jpg\"><figure class=\"swiper-slide-inner\"><img decoding=\"async\" class=\"swiper-slide-image\" src=\"https:\/\/sanitaetshaus-borger.de\/2023\/wordpress\/wp-content\/uploads\/2023\/02\/Burmeier_Varus-R4889-bella_noche-2-286x300.jpg\" alt=\"Burmeier_Varus-R4889-bella_noche-2\" \/><\/figure><\/a><\/div><div class=\"swiper-slide\" role=\"group\" aria-roledescription=\"slide\" aria-label=\"5 von 9\"><a data-elementor-open-lightbox=\"yes\" data-elementor-lightbox-slideshow=\"da3cb20\" data-elementor-lightbox-title=\"9263_Burmeier_CCS_Tag_01_2016_07\" data-e-action-hash=\"#elementor-action%3Aaction%3Dlightbox%26settings%3DeyJpZCI6MjgwLCJ1cmwiOiJodHRwczpcL1wvc2FuaXRhZXRzaGF1cy1ib3JnZXIuZGVcLzIwMjNcL3dvcmRwcmVzc1wvd3AtY29udGVudFwvdXBsb2Fkc1wvMjAyM1wvMDJcLzkyNjNfQnVybWVpZXJfQ0NTX1RhZ18wMV8yMDE2XzA3LmpwZyIsInNsaWRlc2hvdyI6ImRhM2NiMjAifQ%3D%3D\" href=\"https:\/\/sanitaetshaus-borger.de\/2023\/wordpress\/wp-content\/uploads\/2023\/02\/9263_Burmeier_CCS_Tag_01_2016_07.jpg\"><figure class=\"swiper-slide-inner\"><img decoding=\"async\" class=\"swiper-slide-image\" src=\"https:\/\/sanitaetshaus-borger.de\/2023\/wordpress\/wp-content\/uploads\/2023\/02\/9263_Burmeier_CCS_Tag_01_2016_07-300x200.jpg\" alt=\"9263_Burmeier_CCS_Tag_01_2016_07\" \/><\/figure><\/a><\/div><div class=\"swiper-slide\" role=\"group\" aria-roledescription=\"slide\" aria-label=\"6 von 9\"><a data-elementor-open-lightbox=\"yes\" data-elementor-lightbox-slideshow=\"da3cb20\" data-elementor-lightbox-title=\"Burmeier_Vertica_Homecare_Aufstehen_alleine_Rollator\" data-e-action-hash=\"#elementor-action%3Aaction%3Dlightbox%26settings%3DeyJpZCI6MjgxLCJ1cmwiOiJodHRwczpcL1wvc2FuaXRhZXRzaGF1cy1ib3JnZXIuZGVcLzIwMjNcL3dvcmRwcmVzc1wvd3AtY29udGVudFwvdXBsb2Fkc1wvMjAyM1wvMDJcL0J1cm1laWVyX1ZlcnRpY2FfSG9tZWNhcmVfQXVmc3RlaGVuX2FsbGVpbmVfUm9sbGF0b3IuanBnIiwic2xpZGVzaG93IjoiZGEzY2IyMCJ9\" href=\"https:\/\/sanitaetshaus-borger.de\/2023\/wordpress\/wp-content\/uploads\/2023\/02\/Burmeier_Vertica_Homecare_Aufstehen_alleine_Rollator.jpg\"><figure class=\"swiper-slide-inner\"><img decoding=\"async\" class=\"swiper-slide-image\" src=\"https:\/\/sanitaetshaus-borger.de\/2023\/wordpress\/wp-content\/uploads\/2023\/02\/Burmeier_Vertica_Homecare_Aufstehen_alleine_Rollator-300x246.jpg\" alt=\"Burmeier_Vertica_Homecare_Aufstehen_alleine_Rollator\" \/><\/figure><\/a><\/div><div class=\"swiper-slide\" role=\"group\" aria-roledescription=\"slide\" aria-label=\"7 von 9\"><a data-elementor-open-lightbox=\"yes\" data-elementor-lightbox-slideshow=\"da3cb20\" data-elementor-lightbox-title=\"9263_Burmeier_Milieu02_D01_Mod_07_2016_07\" data-e-action-hash=\"#elementor-action%3Aaction%3Dlightbox%26settings%3DeyJpZCI6MjgyLCJ1cmwiOiJodHRwczpcL1wvc2FuaXRhZXRzaGF1cy1ib3JnZXIuZGVcLzIwMjNcL3dvcmRwcmVzc1wvd3AtY29udGVudFwvdXBsb2Fkc1wvMjAyM1wvMDJcLzkyNjNfQnVybWVpZXJfTWlsaWV1MDJfRDAxX01vZF8wN18yMDE2XzA3LmpwZyIsInNsaWRlc2hvdyI6ImRhM2NiMjAifQ%3D%3D\" href=\"https:\/\/sanitaetshaus-borger.de\/2023\/wordpress\/wp-content\/uploads\/2023\/02\/9263_Burmeier_Milieu02_D01_Mod_07_2016_07.jpg\"><figure class=\"swiper-slide-inner\"><img decoding=\"async\" class=\"swiper-slide-image\" src=\"https:\/\/sanitaetshaus-borger.de\/2023\/wordpress\/wp-content\/uploads\/2023\/02\/9263_Burmeier_Milieu02_D01_Mod_07_2016_07-300x200.jpg\" alt=\"9263_Burmeier_Milieu02_D01_Mod_07_2016_07\" \/><\/figure><\/a><\/div><div class=\"swiper-slide\" role=\"group\" aria-roledescription=\"slide\" aria-label=\"8 von 9\"><a data-elementor-open-lightbox=\"yes\" data-elementor-lightbox-slideshow=\"da3cb20\" data-elementor-lightbox-title=\"Burmeier_Vertica_Homecare_Fernbedienung2\" data-e-action-hash=\"#elementor-action%3Aaction%3Dlightbox%26settings%3DeyJpZCI6MjgzLCJ1cmwiOiJodHRwczpcL1wvc2FuaXRhZXRzaGF1cy1ib3JnZXIuZGVcLzIwMjNcL3dvcmRwcmVzc1wvd3AtY29udGVudFwvdXBsb2Fkc1wvMjAyM1wvMDJcL0J1cm1laWVyX1ZlcnRpY2FfSG9tZWNhcmVfRmVybmJlZGllbnVuZzIuanBnIiwic2xpZGVzaG93IjoiZGEzY2IyMCJ9\" href=\"https:\/\/sanitaetshaus-borger.de\/2023\/wordpress\/wp-content\/uploads\/2023\/02\/Burmeier_Vertica_Homecare_Fernbedienung2.jpg\"><figure class=\"swiper-slide-inner\"><img decoding=\"async\" class=\"swiper-slide-image\" src=\"https:\/\/sanitaetshaus-borger.de\/2023\/wordpress\/wp-content\/uploads\/2023\/02\/Burmeier_Vertica_Homecare_Fernbedienung2-300x300.jpg\" alt=\"Burmeier_Vertica_Homecare_Fernbedienung2\" \/><\/figure><\/a><\/div><div class=\"swiper-slide\" role=\"group\" aria-roledescription=\"slide\" aria-label=\"9 von 9\"><a data-elementor-open-lightbox=\"yes\" data-elementor-lightbox-slideshow=\"da3cb20\" data-elementor-lightbox-title=\"Burmeier_8396_AgileII_F01_Mod_01_2015-07_fein-01\" data-e-action-hash=\"#elementor-action%3Aaction%3Dlightbox%26settings%3DeyJpZCI6MjY3LCJ1cmwiOiJodHRwczpcL1wvc2FuaXRhZXRzaGF1cy1ib3JnZXIuZGVcLzIwMjNcL3dvcmRwcmVzc1wvd3AtY29udGVudFwvdXBsb2Fkc1wvMjAyM1wvMDJcL0J1cm1laWVyXzgzOTZfQWdpbGVJSV9GMDFfTW9kXzAxXzIwMTUtMDdfZmVpbi0wMS5qcGciLCJzbGlkZXNob3ciOiJkYTNjYjIwIn0%3D\" href=\"https:\/\/sanitaetshaus-borger.de\/2023\/wordpress\/wp-content\/uploads\/2023\/02\/Burmeier_8396_AgileII_F01_Mod_01_2015-07_fein-01.jpg\"><figure class=\"swiper-slide-inner\"><img decoding=\"async\" class=\"swiper-slide-image\" src=\"https:\/\/sanitaetshaus-borger.de\/2023\/wordpress\/wp-content\/uploads\/2023\/02\/Burmeier_8396_AgileII_F01_Mod_01_2015-07_fein-01-300x240.jpg\" alt=\"Burmeier_8396_AgileII_F01_Mod_01_2015-07_fein-01\" \/><\/figure><\/a><\/div>\t\t\t<\/div>\n\t\t\t\t\t\t\t\t\t\t\t\t<div class=\"elementor-swiper-button elementor-swiper-button-prev\" role=\"button\" tabindex=\"0\">\n\t\t\t\t\t\t<i aria-hidden=\"true\" class=\"eicon-chevron-left\"><\/i>\t\t\t\t\t<\/div>\n\t\t\t\t\t<div class=\"elementor-swiper-button elementor-swiper-button-next\" role=\"button\" tabindex=\"0\">\n\t\t\t\t\t\t<i aria-hidden=\"true\" class=\"eicon-chevron-right\"><\/i>\t\t\t\t\t<\/div>\n\t\t\t\t\n\t\t\t\t\t\t\t\t\t<div class=\"swiper-pagination\"><\/div>\n\t\t\t\t\t\t\t\t\t<\/div>\n\t\t\t\t\t\t<\/div>\n\t\t\t\t<\/div>\n\t\t\t\t\t<\/div>\n\t\t<\/div>\n\t\t\t\t\t<\/div>\n\t\t<\/section>\n\t\t\t\t<\/div>\n\t\t","protected":false},"excerpt":{"rendered":"<p>Bett und Wohnen Voriger N\u00e4chster Unser Lieferant Unser Sanit\u00e4tshaus hat langj\u00e4hrige Erfahrung in der Zusammenarbeit mit der Firma Burmeier. Jedes Bett oder auch die Wohnraumausstattung werden f\u00fcr jeden Kunden individuell ausgesucht und angepasst. Mit der Firma Burmeier hat das Sanit\u00e4tshaus Borger Zugriff auf hunderte Variationen von Betten und Einrichtungsgegenst\u00e4nden. Gerne k\u00f6nnen Sie sich schon jetzt&hellip; <a class=\"more-link\" href=\"https:\/\/sanitaetshaus-borger.de\/2023\/wordpress\/bett-und-wohnen\/\"><span class=\"screen-reader-text\">Bett und Wohnen<\/span> weiterlesen<\/a><\/p>\n","protected":false},"author":1,"featured_media":0,"parent":0,"menu_order":0,"comment_status":"closed","ping_status":"closed","template":"elementor_header_footer","meta":{"footnotes":""},"class_list":["post-260","page","type-page","status-publish","hentry","entry"],"_links":{"self":[{"href":"https:\/\/sanitaetshaus-borger.de\/2023\/wordpress\/wp-json\/wp\/v2\/pages\/260","targetHints":{"allow":["GET"]}}],"collection":[{"href":"https:\/\/sanitaetshaus-borger.de\/2023\/wordpress\/wp-json\/wp\/v2\/pages"}],"about":[{"href":"https:\/\/sanitaetshaus-borger.de\/2023\/wordpress\/wp-json\/wp\/v2\/types\/page"}],"author":[{"embeddable":true,"href":"https:\/\/sanitaetshaus-borger.de\/2023\/wordpress\/wp-json\/wp\/v2\/users\/1"}],"replies":[{"embeddable":true,"href":"https:\/\/sanitaetshaus-borger.de\/2023\/wordpress\/wp-json\/wp\/v2\/comments?post=260"}],"version-history":[{"count":34,"href":"https:\/\/sanitaetshaus-borger.de\/2023\/wordpress\/wp-json\/wp\/v2\/pages\/260\/revisions"}],"predecessor-version":[{"id":505,"href":"https:\/\/sanitaetshaus-borger.de\/2023\/wordpress\/wp-json\/wp\/v2\/pages\/260\/revisions\/505"}],"wp:attachment":[{"href":"https:\/\/sanitaetshaus-borger.de\/2023\/wordpress\/wp-json\/wp\/v2\/media?parent=260"}],"curies":[{"name":"wp","href":"https:\/\/api.w.org\/{rel}","templated":true}]}}